{"id":79,"date":"2015-10-22T17:14:55","date_gmt":"2015-10-22T15:14:55","guid":{"rendered":"http:\/\/christianlessing.de\/wp\/?post_type=product&#038;p=79"},"modified":"2024-01-24T21:23:34","modified_gmt":"2024-01-24T20:23:34","slug":"stapelspiel-follies","status":"publish","type":"product","link":"https:\/\/christianlessing.de\/en\/produkt\/stapelspiel-follies\/","title":{"rendered":"FOLLIES"},"content":{"rendered":"<p>Follies ist ein spannendes Geschicklichkeitsspiel f\u00fcr Jung und Alt, f\u00fcr einen oder mehrere Spieler. Achtzehn unterschiedlich gro\u00dfe Holzkeile gilt es \u00fcbereinander zu stapeln. Das Ziel: Die Grenzen der Balance ausreizen. Und: Den Turm nicht zum Einsturz bringen! Zu Zweit versucht man abwechselnd seine Steine so zu setzen, dass es f\u00fcr den Gegner m\u00f6glichst schwer wird, einen weiteren Stein zu platzieren. Denn\u00a0es gewinnt derjenige, der als Letzter einen Stein legt, ohne den Turm zum Einsturz zu bringen.<br \/>\nFollies wurde 2014 mit dem <strong>spiel gut-Siegel <\/strong>ausgezeichnet.<\/p>\n","protected":false},"excerpt":{"rendered":"<p>Follies ist ein spannendes Geschicklichkeitsspiel f\u00fcr Jung und Alt, f\u00fcr einen oder mehrere Spieler. Achtzehn unterschiedlich gro\u00dfe Holzkeile gilt es \u00fcbereinander zu stapeln. Das Ziel: Die Grenzen der Balance ausreizen. Und: Den Turm nicht zum Einsturz bringen! Zu Zweit versucht man abwechselnd seine Steine so zu setzen, dass es f\u00fcr den Gegner m\u00f6glichst schwer wird, <a href=\"https:\/\/christianlessing.de\/en\/produkt\/stapelspiel-follies\/\" class=\"more-link\">[more&#8230;]<\/a><\/p>\n","protected":false},"featured_media":143,"comment_status":"closed","ping_status":"closed","template":"","meta":[],"product_brand":[],"product_cat":[25],"product_tag":[267,235,236,270,269,268],"class_list":{"0":"post-79","1":"product","2":"type-product","3":"status-publish","4":"has-post-thumbnail","6":"product_cat-spiele","7":"product_tag-balance-spiel","8":"product_tag-holzspielzeug","9":"product_tag-nachhaltiges-design-spielzeug","10":"product_tag-spielerisch-statik-erlernen","11":"product_tag-statik-austesten","12":"product_tag-statik-spiel","14":"first","15":"instock","16":"taxable","17":"shipping-taxable","18":"purchasable","19":"product-type-simple"},"_links":{"self":[{"href":"https:\/\/christianlessing.de\/en\/wp-json\/wp\/v2\/product\/79","targetHints":{"allow":["GET"]}}],"collection":[{"href":"https:\/\/christianlessing.de\/en\/wp-json\/wp\/v2\/product"}],"about":[{"href":"https:\/\/christianlessing.de\/en\/wp-json\/wp\/v2\/types\/product"}],"replies":[{"embeddable":true,"href":"https:\/\/christianlessing.de\/en\/wp-json\/wp\/v2\/comments?post=79"}],"wp:featuredmedia":[{"embeddable":true,"href":"https:\/\/christianlessing.de\/en\/wp-json\/wp\/v2\/media\/143"}],"wp:attachment":[{"href":"https:\/\/christianlessing.de\/en\/wp-json\/wp\/v2\/media?parent=79"}],"wp:term":[{"taxonomy":"product_brand","embeddable":true,"href":"https:\/\/christianlessing.de\/en\/wp-json\/wp\/v2\/product_brand?post=79"},{"taxonomy":"product_cat","embeddable":true,"href":"https:\/\/christianlessing.de\/en\/wp-json\/wp\/v2\/product_cat?post=79"},{"taxonomy":"product_tag","embeddable":true,"href":"https:\/\/christianlessing.de\/en\/wp-json\/wp\/v2\/product_tag?post=79"}],"curies":[{"name":"wp","href":"https:\/\/api.w.org\/{rel}","templated":true}]}}