{"id":345,"date":"2015-11-14T18:31:00","date_gmt":"2015-11-14T17:31:00","guid":{"rendered":"http:\/\/christianlessing.de\/wp\/produkt\/klemmtisch-cafe\/"},"modified":"2025-03-21T13:41:39","modified_gmt":"2025-03-21T12:41:39","slug":"klemmtisch-cafe","status":"publish","type":"product","link":"https:\/\/christianlessing.de\/en\/produkt\/klemmtisch-cafe\/","title":{"rendered":"Klemmtisch Caf\u00e9"},"content":{"rendered":"<p>Auch im Freien den Milchkaffee genie\u00dfen? Mit dem \u201eKlemmtisch Caf\u00e9\u201c ist dies m\u00f6glich, ob auf dem Balkon oder im Garten \u2013 \u00fcberall dort, wo man ihn anklemmen kann. Auch f\u00fcr alle andere Getr\u00e4nke nutzbar. Tassen und Gl\u00e4ser k\u00f6nnen sicher in einen passenden Kreisauschnitt gestellt werden. Die dazugeh\u00f6rige Klemmzwinge hat eine maximale Klemmh\u00f6he von 6 cm.<\/p>\n","protected":false},"excerpt":{"rendered":"<p>Auch im Freien den Milchkaffee genie\u00dfen? Mit dem \u201eKlemmtisch Caf\u00e9\u201c ist dies m\u00f6glich, ob auf dem Balkon oder im Garten \u2013 \u00fcberall dort, wo man ihn anklemmen kann. Auch f\u00fcr alle andere Getr\u00e4nke nutzbar. Tassen und Gl\u00e4ser k\u00f6nnen sicher in einen passenden Kreisauschnitt gestellt werden. Die dazugeh\u00f6rige Klemmzwinge hat eine maximale Klemmh\u00f6he von 6 cm.<\/p>\n","protected":false},"featured_media":3104,"comment_status":"closed","ping_status":"closed","template":"","meta":[],"product_brand":[],"product_cat":[336,23],"product_tag":[],"class_list":{"0":"post-345","1":"product","2":"type-product","3":"status-publish","4":"has-post-thumbnail","6":"product_cat-balkon","7":"product_cat-moebel","9":"first","10":"instock","11":"taxable","12":"shipping-taxable","13":"purchasable","14":"product-type-variable"},"_links":{"self":[{"href":"https:\/\/christianlessing.de\/en\/wp-json\/wp\/v2\/product\/345","targetHints":{"allow":["GET"]}}],"collection":[{"href":"https:\/\/christianlessing.de\/en\/wp-json\/wp\/v2\/product"}],"about":[{"href":"https:\/\/christianlessing.de\/en\/wp-json\/wp\/v2\/types\/product"}],"replies":[{"embeddable":true,"href":"https:\/\/christianlessing.de\/en\/wp-json\/wp\/v2\/comments?post=345"}],"wp:featuredmedia":[{"embeddable":true,"href":"https:\/\/christianlessing.de\/en\/wp-json\/wp\/v2\/media\/3104"}],"wp:attachment":[{"href":"https:\/\/christianlessing.de\/en\/wp-json\/wp\/v2\/media?parent=345"}],"wp:term":[{"taxonomy":"product_brand","embeddable":true,"href":"https:\/\/christianlessing.de\/en\/wp-json\/wp\/v2\/product_brand?post=345"},{"taxonomy":"product_cat","embeddable":true,"href":"https:\/\/christianlessing.de\/en\/wp-json\/wp\/v2\/product_cat?post=345"},{"taxonomy":"product_tag","embeddable":true,"href":"https:\/\/christianlessing.de\/en\/wp-json\/wp\/v2\/product_tag?post=345"}],"curies":[{"name":"wp","href":"https:\/\/api.w.org\/{rel}","templated":true}]}}