{"id":338,"date":"2015-11-14T18:02:54","date_gmt":"2015-11-14T17:02:54","guid":{"rendered":"http:\/\/christianlessing.de\/wp\/produkt\/lichtfaecher%e2%80%89\/"},"modified":"2025-09-28T17:07:06","modified_gmt":"2025-09-28T15:07:06","slug":"lichtfaecher%e2%80%89","status":"publish","type":"product","link":"https:\/\/christianlessing.de\/en\/produkt\/lichtfaecher%e2%80%89\/","title":{"rendered":"Lichtf\u00e4cher\u2009"},"content":{"rendered":"<p>Der Lichtf\u00e4cher spielt mit Licht und Gewicht: Symmetrisch, asymmetrisch, linear oder chaotisch lassen sich die vier Ebenen des Lichtf\u00e4chers um die eigene Achse drehen. Nicht jede Position h\u00e4lt dem Gewicht der Teelichter stand, doch gerade das Ausbalancieren macht den Reiz des F\u00e4chers aus.\u00a0In der Adventszeit ist er\u00a0auch\u00a0als\u00a0\u201eAdventskranz&#8221; einsetzbar\u00a0\u2013 eine\u00a0faszinierend einfach Variante, die einen archaischen Akzent setzt.<\/p>\n","protected":false},"excerpt":{"rendered":"<p>Der Lichtf\u00e4cher spielt mit Licht und Gewicht: Symmetrisch, asymmetrisch, linear oder chaotisch lassen sich die vier Ebenen des Lichtf\u00e4chers um die eigene Achse drehen. Nicht jede Position h\u00e4lt dem Gewicht der Teelichter stand, doch gerade das Ausbalancieren macht den Reiz des F\u00e4chers aus.\u00a0In der Adventszeit ist er\u00a0auch\u00a0als\u00a0\u201eAdventskranz&#8221; einsetzbar\u00a0\u2013 eine\u00a0faszinierend einfach Variante, die einen archaischen Akzent <a href=\"https:\/\/christianlessing.de\/en\/produkt\/lichtfaecher%e2%80%89\/\" class=\"more-link\">[more&#8230;]<\/a><\/p>\n","protected":false},"featured_media":3157,"comment_status":"closed","ping_status":"closed","template":"","meta":[],"product_brand":[],"product_cat":[27],"product_tag":[],"class_list":{"0":"post-338","1":"product","2":"type-product","3":"status-publish","4":"has-post-thumbnail","6":"product_cat-accessoires","8":"first","9":"instock","10":"taxable","11":"shipping-taxable","12":"purchasable","13":"product-type-simple"},"_links":{"self":[{"href":"https:\/\/christianlessing.de\/en\/wp-json\/wp\/v2\/product\/338","targetHints":{"allow":["GET"]}}],"collection":[{"href":"https:\/\/christianlessing.de\/en\/wp-json\/wp\/v2\/product"}],"about":[{"href":"https:\/\/christianlessing.de\/en\/wp-json\/wp\/v2\/types\/product"}],"replies":[{"embeddable":true,"href":"https:\/\/christianlessing.de\/en\/wp-json\/wp\/v2\/comments?post=338"}],"wp:featuredmedia":[{"embeddable":true,"href":"https:\/\/christianlessing.de\/en\/wp-json\/wp\/v2\/media\/3157"}],"wp:attachment":[{"href":"https:\/\/christianlessing.de\/en\/wp-json\/wp\/v2\/media?parent=338"}],"wp:term":[{"taxonomy":"product_brand","embeddable":true,"href":"https:\/\/christianlessing.de\/en\/wp-json\/wp\/v2\/product_brand?post=338"},{"taxonomy":"product_cat","embeddable":true,"href":"https:\/\/christianlessing.de\/en\/wp-json\/wp\/v2\/product_cat?post=338"},{"taxonomy":"product_tag","embeddable":true,"href":"https:\/\/christianlessing.de\/en\/wp-json\/wp\/v2\/product_tag?post=338"}],"curies":[{"name":"wp","href":"https:\/\/api.w.org\/{rel}","templated":true}]}}