{"id":323,"date":"2015-11-14T17:09:11","date_gmt":"2015-11-14T16:09:11","guid":{"rendered":"http:\/\/christianlessing.de\/wp\/produkt\/teelichtbanderole%e2%80%89\/"},"modified":"2022-01-12T12:31:58","modified_gmt":"2022-01-12T11:31:58","slug":"teelichtbanderole%e2%80%89","status":"publish","type":"product","link":"https:\/\/christianlessing.de\/en\/produkt\/teelichtbanderole%e2%80%89\/","title":{"rendered":"Teelichtbanderole\u2009"},"content":{"rendered":"<p>Wo l\u00e4sst sich heute noch bei uns ein atemberaubender Sternenhimmel bestaunen!?<br \/>\nDie zunehmende globale Lichtverschmutzung macht es vor allem f\u00fcr St\u00e4dter vielerorts fast unm\u00f6glich, den Mond und die Gestirne zu beobachten. Die Teelichtbanderole erm\u00f6glicht einen Blick in die Sterne\u00a0und kommt der\u00a0Sehnsucht nach ein wenig mehr Ruhe, Innehalten und Neuorientierung im wuseligen Alltag entgegen.<br \/>\nDie Teelichtbanderole ist in vier\u00a0Ausf\u00fchrungen erh\u00e4ltlich: S\u00fcdlicher und\u00a0der\u00a0n\u00f6rdlicher Sternenhimmel, \u201eZodiak\u201c\u00a0mit\u00a0den\u00a0zw\u00f6lf Tierkreiszeichen, wie man sie im Laufe eines Jahres an unserem Nachthimmel beobachten kann, sowie \u201eNight on Earth\u201c\u00a0mit dem\u00a0umgekehrten Blick aus der Weltraumperspektive auf die Lichter der\u00a0Erde bei Nacht.\u00a0F\u00fcr Nichtastronomen sind die Sternbilder auf der R\u00fcckseite der Banderole erl\u00e4utert.<\/p>\n","protected":false},"excerpt":{"rendered":"<p>Wo l\u00e4sst sich heute noch bei uns ein atemberaubender Sternenhimmel bestaunen!? Die zunehmende globale Lichtverschmutzung macht es vor allem f\u00fcr St\u00e4dter vielerorts fast unm\u00f6glich, den Mond und die Gestirne zu beobachten. Die Teelichtbanderole erm\u00f6glicht einen Blick in die Sterne\u00a0und kommt der\u00a0Sehnsucht nach ein wenig mehr Ruhe, Innehalten und Neuorientierung im wuseligen Alltag entgegen. Die Teelichtbanderole <a href=\"https:\/\/christianlessing.de\/en\/produkt\/teelichtbanderole%e2%80%89\/\" class=\"more-link\">[more&#8230;]<\/a><\/p>\n","protected":false},"featured_media":331,"comment_status":"closed","ping_status":"closed","template":"","meta":[],"product_brand":[],"product_cat":[27],"product_tag":[],"class_list":{"0":"post-323","1":"product","2":"type-product","3":"status-publish","4":"has-post-thumbnail","6":"product_cat-accessoires","8":"first","9":"instock","10":"taxable","11":"shipping-taxable","12":"purchasable","13":"product-type-variable"},"_links":{"self":[{"href":"https:\/\/christianlessing.de\/en\/wp-json\/wp\/v2\/product\/323","targetHints":{"allow":["GET"]}}],"collection":[{"href":"https:\/\/christianlessing.de\/en\/wp-json\/wp\/v2\/product"}],"about":[{"href":"https:\/\/christianlessing.de\/en\/wp-json\/wp\/v2\/types\/product"}],"replies":[{"embeddable":true,"href":"https:\/\/christianlessing.de\/en\/wp-json\/wp\/v2\/comments?post=323"}],"wp:featuredmedia":[{"embeddable":true,"href":"https:\/\/christianlessing.de\/en\/wp-json\/wp\/v2\/media\/331"}],"wp:attachment":[{"href":"https:\/\/christianlessing.de\/en\/wp-json\/wp\/v2\/media?parent=323"}],"wp:term":[{"taxonomy":"product_brand","embeddable":true,"href":"https:\/\/christianlessing.de\/en\/wp-json\/wp\/v2\/product_brand?post=323"},{"taxonomy":"product_cat","embeddable":true,"href":"https:\/\/christianlessing.de\/en\/wp-json\/wp\/v2\/product_cat?post=323"},{"taxonomy":"product_tag","embeddable":true,"href":"https:\/\/christianlessing.de\/en\/wp-json\/wp\/v2\/product_tag?post=323"}],"curies":[{"name":"wp","href":"https:\/\/api.w.org\/{rel}","templated":true}]}}