{"id":3029,"date":"2025-01-19T19:28:53","date_gmt":"2025-01-19T18:28:53","guid":{"rendered":"https:\/\/christianlessing.de\/?post_type=product&#038;p=3029"},"modified":"2025-01-20T08:24:20","modified_gmt":"2025-01-20T07:24:20","slug":"schaukelstuetz","status":"publish","type":"product","link":"https:\/\/christianlessing.de\/en\/produkt\/schaukelstuetz\/","title":{"rendered":"SchaukelSt\u00fctz"},"content":{"rendered":"<p>Nur ein Hocker? Nein ein Hocker zum schaukeln, r\u00fcckenfreundlich und spielerisch. Besonders geignet ist der Schaukelst\u00fctz bei Steharbeitspl\u00e4tzen oder als Barhocker.<\/p>\n<p>Der Hocker ist gefertigt\u00a0 aus massiver Eiche.<\/p>\n<p>60cm H\u00f6he &#8211; geeignet f\u00fcr Menschen mit einer Gr\u00f6\u00dfe bis ca. 175cm; f\u00fcr Menschen die gr\u00f6\u00dfer sind als\u00a0 175cm empfehlen wir eine Hockerh\u00f6he von\u00a0 67cm.<\/p>\n<p>Der Hocker ist entstanden in Zusammenarbeit mit Markus Wilkens.<\/p>\n","protected":false},"excerpt":{"rendered":"<p>Nur ein Hocker? Nein ein Hocker zum schaukeln, r\u00fcckenfreundlich und spielerisch. Besonders geignet ist der Schaukelst\u00fctz bei Steharbeitspl\u00e4tzen oder als Barhocker. Der Hocker ist gefertigt\u00a0 aus massiver Eiche. 60cm H\u00f6he &#8211; geeignet f\u00fcr Menschen mit einer Gr\u00f6\u00dfe bis ca. 175cm; f\u00fcr Menschen die gr\u00f6\u00dfer sind als\u00a0 175cm empfehlen wir eine Hockerh\u00f6he von\u00a0 67cm. Der Hocker <a href=\"https:\/\/christianlessing.de\/en\/produkt\/schaukelstuetz\/\" class=\"more-link\">[more&#8230;]<\/a><\/p>\n","protected":false},"featured_media":3026,"comment_status":"closed","ping_status":"closed","template":"","meta":[],"product_brand":[],"product_cat":[23],"product_tag":[364,365,368,363,369,370,367],"class_list":{"0":"post-3029","1":"product","2":"type-product","3":"status-publish","4":"has-post-thumbnail","6":"product_cat-moebel","7":"product_tag-beisteltisch-hocker","8":"product_tag-hocker-aus-eiche","9":"product_tag-rueckenfreundlich","10":"product_tag-schaukel","11":"product_tag-schaukelhocker","12":"product_tag-steharbeitsplatz","13":"product_tag-stehhocker","15":"first","16":"instock","17":"taxable","18":"shipping-taxable","19":"purchasable","20":"product-type-simple"},"_links":{"self":[{"href":"https:\/\/christianlessing.de\/en\/wp-json\/wp\/v2\/product\/3029","targetHints":{"allow":["GET"]}}],"collection":[{"href":"https:\/\/christianlessing.de\/en\/wp-json\/wp\/v2\/product"}],"about":[{"href":"https:\/\/christianlessing.de\/en\/wp-json\/wp\/v2\/types\/product"}],"replies":[{"embeddable":true,"href":"https:\/\/christianlessing.de\/en\/wp-json\/wp\/v2\/comments?post=3029"}],"wp:featuredmedia":[{"embeddable":true,"href":"https:\/\/christianlessing.de\/en\/wp-json\/wp\/v2\/media\/3026"}],"wp:attachment":[{"href":"https:\/\/christianlessing.de\/en\/wp-json\/wp\/v2\/media?parent=3029"}],"wp:term":[{"taxonomy":"product_brand","embeddable":true,"href":"https:\/\/christianlessing.de\/en\/wp-json\/wp\/v2\/product_brand?post=3029"},{"taxonomy":"product_cat","embeddable":true,"href":"https:\/\/christianlessing.de\/en\/wp-json\/wp\/v2\/product_cat?post=3029"},{"taxonomy":"product_tag","embeddable":true,"href":"https:\/\/christianlessing.de\/en\/wp-json\/wp\/v2\/product_tag?post=3029"}],"curies":[{"name":"wp","href":"https:\/\/api.w.org\/{rel}","templated":true}]}}