{"id":298,"date":"2015-11-10T16:16:53","date_gmt":"2015-11-10T15:16:53","guid":{"rendered":"http:\/\/christianlessing.de\/wp\/produkt\/mobile-la-familia\/"},"modified":"2025-12-09T16:49:37","modified_gmt":"2025-12-09T15:49:37","slug":"mobile-la-familia","status":"publish","type":"product","link":"https:\/\/christianlessing.de\/en\/produkt\/mobile-la-familia\/","title":{"rendered":"Mobile la familia"},"content":{"rendered":"<p>Woher komme ich? Diese Frage stellt sich hin und wieder, ganz besonders aber bei der Geburt eines Kindes. Denn die direkte Erinnerung an unsere Gro\u00dfeltern ist verblasst und die Eltern der Schwiegereltern kennen wir meist schon gar nicht mehr. Dabei besitzt jeder Mensch \u00fcber drei Generationen verteilt immerhin 14 direkte Vorfahren. Beim Mobile \u201ela familia\u201c ist die ganze Familie \u00fcber vier Generationen versammelt: Eltern, Gro\u00dfeltern und Urgro\u00dfeltern des Kindes bekommen ein Gesicht. Das Mobile funktioniert wie ein Stammbaum:\u00a0Die R\u00e4hmchen werden mit einem Foto best\u00fcckt und die R\u00fcckseite mit dem Namen und den dazugeh\u00f6rigen Lebensdaten beschriftet. Ein sch\u00f6nes Geschenk \u2013 nicht nur zur Geburt \u2013 f\u00fcr die ganze Familie!<\/p>\n","protected":false},"excerpt":{"rendered":"<p>Woher komme ich? Diese Frage stellt sich hin und wieder, ganz besonders aber bei der Geburt eines Kindes. Denn die direkte Erinnerung an unsere Gro\u00dfeltern ist verblasst und die Eltern der Schwiegereltern kennen wir meist schon gar nicht mehr. Dabei besitzt jeder Mensch \u00fcber drei Generationen verteilt immerhin 14 direkte Vorfahren. Beim Mobile \u201ela familia\u201c <a href=\"https:\/\/christianlessing.de\/en\/produkt\/mobile-la-familia\/\" class=\"more-link\">[more&#8230;]<\/a><\/p>\n","protected":false},"featured_media":2480,"comment_status":"closed","ping_status":"closed","template":"","meta":[],"product_brand":[],"product_cat":[27],"product_tag":[],"class_list":{"0":"post-298","1":"product","2":"type-product","3":"status-publish","4":"has-post-thumbnail","6":"product_cat-accessoires","8":"first","9":"instock","10":"taxable","11":"shipping-taxable","12":"purchasable","13":"product-type-simple"},"_links":{"self":[{"href":"https:\/\/christianlessing.de\/en\/wp-json\/wp\/v2\/product\/298","targetHints":{"allow":["GET"]}}],"collection":[{"href":"https:\/\/christianlessing.de\/en\/wp-json\/wp\/v2\/product"}],"about":[{"href":"https:\/\/christianlessing.de\/en\/wp-json\/wp\/v2\/types\/product"}],"replies":[{"embeddable":true,"href":"https:\/\/christianlessing.de\/en\/wp-json\/wp\/v2\/comments?post=298"}],"wp:featuredmedia":[{"embeddable":true,"href":"https:\/\/christianlessing.de\/en\/wp-json\/wp\/v2\/media\/2480"}],"wp:attachment":[{"href":"https:\/\/christianlessing.de\/en\/wp-json\/wp\/v2\/media?parent=298"}],"wp:term":[{"taxonomy":"product_brand","embeddable":true,"href":"https:\/\/christianlessing.de\/en\/wp-json\/wp\/v2\/product_brand?post=298"},{"taxonomy":"product_cat","embeddable":true,"href":"https:\/\/christianlessing.de\/en\/wp-json\/wp\/v2\/product_cat?post=298"},{"taxonomy":"product_tag","embeddable":true,"href":"https:\/\/christianlessing.de\/en\/wp-json\/wp\/v2\/product_tag?post=298"}],"curies":[{"name":"wp","href":"https:\/\/api.w.org\/{rel}","templated":true}]}}