{"id":2908,"date":"2024-01-23T12:04:45","date_gmt":"2024-01-23T11:04:45","guid":{"rendered":"https:\/\/christianlessing.de\/?post_type=product&#038;p=2908"},"modified":"2024-01-23T12:30:33","modified_gmt":"2024-01-23T11:30:33","slug":"sommer-am-balkon-klapptisch-mit-tableau","status":"publish","type":"product","link":"https:\/\/christianlessing.de\/en\/produkt\/sommer-am-balkon-klapptisch-mit-tableau\/","title":{"rendered":"Sommer am Balkon &#8211; Klapptisch mit Tableau"},"content":{"rendered":"<p>Mini-Balkon? Kein Platz zum Fr\u00fchst\u00fccken? Dem ist abzuhelfen!<\/p>\n<p>Ist der Balkon zu klein und Sie w\u00fcnschen sich eine Erweiterung? Der Klapptisch &#8220;Sommer am Balkon&#8221; mit Tablett hilft bei beiden Situationen. Das Grundelement, ein gro\u00dfer L-Winke,l wird \u00fcber die Br\u00fcstung oder das Gel\u00e4nder geh\u00e4ngt und zur Sicherheit verschraubt oder gleklemmt. Das Balkonsystem passt an Balkonbr\u00fcstungen und Balkongel\u00e4nder.\u00a0 Das Tablett besitz an drei Seiten eine Reling so dass nichts herunterfallen kann. In der Mitte befindet sich ein Loch, \u00f814cm, f\u00fcr eine Blume oder eine Kr\u00e4uterpflanze. Also warum nicht fr\u00fchst\u00fccken und die Kr\u00e4uter gleich vom Balkon Tableau pfl\u00fccken. Das Tischarnier ist eine Eigenentwicklung. Das Scharnier ist robust,\u00a0 aus Edelstahl und einfach zu bedienen &#8211; klappbar nach unten &#8211; und dazu noch formsch\u00f6n.<\/p>\n<p>Das Tablett ist aus wasserfester Compactplatte;Tisch, \u00dcberwurf und die Aufh\u00e4ngung aus wasserabweisendem Terassenholz. Das Holz ist pimentiert ge\u00f6lt und gewachst.<\/p>\n<p>&nbsp;<\/p>\n","protected":false},"excerpt":{"rendered":"<p>Balon mit Tableau<\/p>\n","protected":false},"featured_media":2864,"comment_status":"closed","ping_status":"closed","template":"","meta":[],"product_brand":[],"product_cat":[336],"product_tag":[342,343,344],"class_list":{"0":"post-2908","1":"product","2":"type-product","3":"status-publish","4":"has-post-thumbnail","6":"product_cat-balkon","7":"product_tag-balkon","8":"product_tag-kapptisch","9":"product_tag-wenig-platz","11":"first","12":"instock","13":"taxable","14":"shipping-taxable","15":"purchasable","16":"product-type-simple"},"_links":{"self":[{"href":"https:\/\/christianlessing.de\/en\/wp-json\/wp\/v2\/product\/2908","targetHints":{"allow":["GET"]}}],"collection":[{"href":"https:\/\/christianlessing.de\/en\/wp-json\/wp\/v2\/product"}],"about":[{"href":"https:\/\/christianlessing.de\/en\/wp-json\/wp\/v2\/types\/product"}],"replies":[{"embeddable":true,"href":"https:\/\/christianlessing.de\/en\/wp-json\/wp\/v2\/comments?post=2908"}],"wp:featuredmedia":[{"embeddable":true,"href":"https:\/\/christianlessing.de\/en\/wp-json\/wp\/v2\/media\/2864"}],"wp:attachment":[{"href":"https:\/\/christianlessing.de\/en\/wp-json\/wp\/v2\/media?parent=2908"}],"wp:term":[{"taxonomy":"product_brand","embeddable":true,"href":"https:\/\/christianlessing.de\/en\/wp-json\/wp\/v2\/product_brand?post=2908"},{"taxonomy":"product_cat","embeddable":true,"href":"https:\/\/christianlessing.de\/en\/wp-json\/wp\/v2\/product_cat?post=2908"},{"taxonomy":"product_tag","embeddable":true,"href":"https:\/\/christianlessing.de\/en\/wp-json\/wp\/v2\/product_tag?post=2908"}],"curies":[{"name":"wp","href":"https:\/\/api.w.org\/{rel}","templated":true}]}}