{"id":2899,"date":"2024-01-21T17:30:37","date_gmt":"2024-01-21T16:30:37","guid":{"rendered":"https:\/\/christianlessing.de\/?post_type=product&#038;p=2899"},"modified":"2025-03-24T11:46:00","modified_gmt":"2025-03-24T10:46:00","slug":"sommer-am-balkon-klapptisch","status":"publish","type":"product","link":"https:\/\/christianlessing.de\/en\/produkt\/sommer-am-balkon-klapptisch\/","title":{"rendered":"Sommer am Balkon &#8211; Klapptisch"},"content":{"rendered":"<p>Mini-Balkon? Kein Platz zum Fr\u00fchst\u00fccken? Dem ist abzuhelfen!<\/p>\n<p>Der Klapptisch &#8220;Sommer am Balkon&#8221; passt an Balkonbr\u00fcstungen und Balkongel\u00e4nder. An Mauern wird er ged\u00fcbelt am Balkongitter wird er geklemmt. Das Tischarnier ist eine Eigenentwicklung. Das Scharnier ist robust, wasserfest hergestellt aus Edelstahl,\u00a0 einfach zu bedienen &#8211; klappbar nach unten &#8211; und dazu noch formsch\u00f6n.<\/p>\n<p>Die Tischplatte ist aus wasserfester Compactplatte, der Tischrahmen und die Aufh\u00e4ngung aus hartem Eicheholz. Das Holz ist ge\u00f6t und gewachst und sollte regelm\u00e4ssig nachge\u00f6lt werden.<\/p>\n<p>&nbsp;<\/p>\n","protected":false},"excerpt":{"rendered":"<p>Mini-Balkon? Kein Platz zum Fr\u00fchst\u00fccken? Dem ist abzuhelfen! Der Klapptisch &#8220;Sommer am Balkon&#8221; passt an Balkonbr\u00fcstungen und Balkongel\u00e4nder. An Mauern wird er ged\u00fcbelt am Balkongitter wird er geklemmt. Das Tischarnier ist eine Eigenentwicklung. Das Scharnier ist robust, wasserfest hergestellt aus Edelstahl,\u00a0 einfach zu bedienen &#8211; klappbar nach unten &#8211; und dazu noch formsch\u00f6n. Die Tischplatte <a href=\"https:\/\/christianlessing.de\/en\/produkt\/sommer-am-balkon-klapptisch\/\" class=\"more-link\">[more&#8230;]<\/a><\/p>\n","protected":false},"featured_media":2871,"comment_status":"closed","ping_status":"closed","template":"","meta":[],"product_brand":[],"product_cat":[336,23],"product_tag":[342,343,344],"class_list":{"0":"post-2899","1":"product","2":"type-product","3":"status-publish","4":"has-post-thumbnail","6":"product_cat-balkon","7":"product_cat-moebel","8":"product_tag-balkon","9":"product_tag-kapptisch","10":"product_tag-wenig-platz","12":"first","13":"instock","14":"taxable","15":"shipping-taxable","16":"purchasable","17":"product-type-variable"},"_links":{"self":[{"href":"https:\/\/christianlessing.de\/en\/wp-json\/wp\/v2\/product\/2899","targetHints":{"allow":["GET"]}}],"collection":[{"href":"https:\/\/christianlessing.de\/en\/wp-json\/wp\/v2\/product"}],"about":[{"href":"https:\/\/christianlessing.de\/en\/wp-json\/wp\/v2\/types\/product"}],"replies":[{"embeddable":true,"href":"https:\/\/christianlessing.de\/en\/wp-json\/wp\/v2\/comments?post=2899"}],"wp:featuredmedia":[{"embeddable":true,"href":"https:\/\/christianlessing.de\/en\/wp-json\/wp\/v2\/media\/2871"}],"wp:attachment":[{"href":"https:\/\/christianlessing.de\/en\/wp-json\/wp\/v2\/media?parent=2899"}],"wp:term":[{"taxonomy":"product_brand","embeddable":true,"href":"https:\/\/christianlessing.de\/en\/wp-json\/wp\/v2\/product_brand?post=2899"},{"taxonomy":"product_cat","embeddable":true,"href":"https:\/\/christianlessing.de\/en\/wp-json\/wp\/v2\/product_cat?post=2899"},{"taxonomy":"product_tag","embeddable":true,"href":"https:\/\/christianlessing.de\/en\/wp-json\/wp\/v2\/product_tag?post=2899"}],"curies":[{"name":"wp","href":"https:\/\/api.w.org\/{rel}","templated":true}]}}