{"id":2892,"date":"2024-01-21T14:42:36","date_gmt":"2024-01-21T13:42:36","guid":{"rendered":"https:\/\/christianlessing.de\/?post_type=product&#038;p=2892"},"modified":"2024-01-21T19:22:58","modified_gmt":"2024-01-21T18:22:58","slug":"puzzle-square-2","status":"publish","type":"product","link":"https:\/\/christianlessing.de\/en\/produkt\/puzzle-square-2\/","title":{"rendered":"Puzzle Square"},"content":{"rendered":"<p>&#8220;SQUARE&#8221; ist ein grafisches Puzzle. Dreiecke, Vierecke und Quadrate bilden ein Muster, da\u00df an alte Kachelfu\u00dfb\u00f6den oder perspektivische Illusionen erinnert.<\/p>\n<p>Schwierigkeitsgrad: schwer<\/p>\n<p>72 Teile<\/p>\n<p>&#8220;Square&#8221; erscheint in einer limitierten Auflage und ist durchnummeriert.<\/p>\n","protected":false},"excerpt":{"rendered":"<p>&#8220;SQUARE&#8221; ist ein grafisches Puzzle. Dreiecke, Vierecke und Quadrate bilden ein Muster, da\u00df an alte Kachelfu\u00dfb\u00f6den oder perspektivische Illusionen erinnert. Schwierigkeitsgrad: schwer 72 Teile &#8220;Square&#8221; erscheint in einer limitierten Auflage und ist durchnummeriert.<\/p>\n","protected":false},"featured_media":2846,"comment_status":"closed","ping_status":"closed","template":"","meta":[],"product_brand":[],"product_cat":[25],"product_tag":[348,262,236,260,261],"class_list":{"0":"post-2892","1":"product","2":"type-product","3":"status-publish","4":"has-post-thumbnail","6":"product_cat-spiele","7":"product_tag-grafisches-puzzle","8":"product_tag-legespiel","9":"product_tag-nachhaltiges-design-spielzeug","10":"product_tag-puzzle","11":"product_tag-ungewoehliches-puzzle","13":"first","14":"instock","15":"taxable","16":"shipping-taxable","17":"purchasable","18":"product-type-simple"},"_links":{"self":[{"href":"https:\/\/christianlessing.de\/en\/wp-json\/wp\/v2\/product\/2892","targetHints":{"allow":["GET"]}}],"collection":[{"href":"https:\/\/christianlessing.de\/en\/wp-json\/wp\/v2\/product"}],"about":[{"href":"https:\/\/christianlessing.de\/en\/wp-json\/wp\/v2\/types\/product"}],"replies":[{"embeddable":true,"href":"https:\/\/christianlessing.de\/en\/wp-json\/wp\/v2\/comments?post=2892"}],"wp:featuredmedia":[{"embeddable":true,"href":"https:\/\/christianlessing.de\/en\/wp-json\/wp\/v2\/media\/2846"}],"wp:attachment":[{"href":"https:\/\/christianlessing.de\/en\/wp-json\/wp\/v2\/media?parent=2892"}],"wp:term":[{"taxonomy":"product_brand","embeddable":true,"href":"https:\/\/christianlessing.de\/en\/wp-json\/wp\/v2\/product_brand?post=2892"},{"taxonomy":"product_cat","embeddable":true,"href":"https:\/\/christianlessing.de\/en\/wp-json\/wp\/v2\/product_cat?post=2892"},{"taxonomy":"product_tag","embeddable":true,"href":"https:\/\/christianlessing.de\/en\/wp-json\/wp\/v2\/product_tag?post=2892"}],"curies":[{"name":"wp","href":"https:\/\/api.w.org\/{rel}","templated":true}]}}