{"id":2581,"date":"2022-05-17T09:56:59","date_gmt":"2022-05-17T07:56:59","guid":{"rendered":"https:\/\/christianlessing.de\/?post_type=product&#038;p=2581"},"modified":"2024-01-25T16:15:10","modified_gmt":"2024-01-25T15:15:10","slug":"draschka","status":"publish","type":"product","link":"https:\/\/christianlessing.de\/en\/produkt\/draschka\/","title":{"rendered":"draschka"},"content":{"rendered":"<p>Draschka &#8211; die Nut.<\/p>\n<p>Die Konstruktion ist sehr materialsparend ausgef\u00fchrt. Die mehrmals gebogene Metallspange ist Ablagefl\u00e4che und Halterung der Schublade in einem, Diese l\u00e4uft leicht in der Nut. &#8220;Draschka&#8221; ist einfach zu montieren und passt\u00a0 wunderbar zum Beispiel neben das Bett.<\/p>\n<p>Draschka hei\u00dft \u00fcbrigens auf tschechisch &#8220;die Nut&#8221;.<\/p>\n","protected":false},"excerpt":{"rendered":"<p>Draschka &#8211; die Nut. Die Konstruktion ist sehr materialsparend ausgef\u00fchrt. Die mehrmals gebogene Metallspange ist Ablagefl\u00e4che und Halterung der Schublade in einem, Diese l\u00e4uft leicht in der Nut. &#8220;Draschka&#8221; ist einfach zu montieren und passt\u00a0 wunderbar zum Beispiel neben das Bett. Draschka hei\u00dft \u00fcbrigens auf tschechisch &#8220;die Nut&#8221;.<\/p>\n","protected":false},"featured_media":2587,"comment_status":"closed","ping_status":"closed","template":"","meta":[],"product_brand":[],"product_cat":[23],"product_tag":[],"class_list":{"0":"post-2581","1":"product","2":"type-product","3":"status-publish","4":"has-post-thumbnail","6":"product_cat-moebel","8":"first","9":"instock","10":"taxable","11":"shipping-taxable","12":"purchasable","13":"product-type-simple"},"_links":{"self":[{"href":"https:\/\/christianlessing.de\/en\/wp-json\/wp\/v2\/product\/2581","targetHints":{"allow":["GET"]}}],"collection":[{"href":"https:\/\/christianlessing.de\/en\/wp-json\/wp\/v2\/product"}],"about":[{"href":"https:\/\/christianlessing.de\/en\/wp-json\/wp\/v2\/types\/product"}],"replies":[{"embeddable":true,"href":"https:\/\/christianlessing.de\/en\/wp-json\/wp\/v2\/comments?post=2581"}],"wp:featuredmedia":[{"embeddable":true,"href":"https:\/\/christianlessing.de\/en\/wp-json\/wp\/v2\/media\/2587"}],"wp:attachment":[{"href":"https:\/\/christianlessing.de\/en\/wp-json\/wp\/v2\/media?parent=2581"}],"wp:term":[{"taxonomy":"product_brand","embeddable":true,"href":"https:\/\/christianlessing.de\/en\/wp-json\/wp\/v2\/product_brand?post=2581"},{"taxonomy":"product_cat","embeddable":true,"href":"https:\/\/christianlessing.de\/en\/wp-json\/wp\/v2\/product_cat?post=2581"},{"taxonomy":"product_tag","embeddable":true,"href":"https:\/\/christianlessing.de\/en\/wp-json\/wp\/v2\/product_tag?post=2581"}],"curies":[{"name":"wp","href":"https:\/\/api.w.org\/{rel}","templated":true}]}}