{"id":2564,"date":"2022-05-01T19:28:50","date_gmt":"2022-05-01T17:28:50","guid":{"rendered":"https:\/\/christianlessing.de\/?post_type=product&#038;p=2564"},"modified":"2024-01-21T19:20:17","modified_gmt":"2024-01-21T18:20:17","slug":"taco","status":"publish","type":"product","link":"https:\/\/christianlessing.de\/en\/produkt\/taco\/","title":{"rendered":"Taco"},"content":{"rendered":"<p>Das Holzsteckspiel.<\/p>\n<p>Ob quadratische, rechtwinklige oder dreieckige Formen \u2013 alle Elemente dieses Spiels k\u00f6nnen beliebig zusammengesteckt werden. Ein Doppeld\u00fcbel aus Buchenholz verbindet die unterschiedlichen Platten\u00a0 und so entstehen fantastische Figuren, Objekte oder T\u00fcrme. Das Spiel wird in einem hochwertigen Holzkasten mit Schiebedeckel geliefert. Der Deckel ist gleichzeitig das Fundament f\u00fcr die Bauwerke, denn dort steckt der erste Doppeld\u00fcbel und gibt Halt f\u00fcr herausragende Bauwerke.<\/p>\n","protected":false},"excerpt":{"rendered":"<p>Das Holzsteckspiel. Ob quadratische, rechtwinklige oder dreieckige Formen \u2013 alle Elemente dieses Spiels k\u00f6nnen beliebig zusammengesteckt werden. Ein Doppeld\u00fcbel aus Buchenholz verbindet die unterschiedlichen Platten\u00a0 und so entstehen fantastische Figuren, Objekte oder T\u00fcrme. Das Spiel wird in einem hochwertigen Holzkasten mit Schiebedeckel geliefert. Der Deckel ist gleichzeitig das Fundament f\u00fcr die Bauwerke, denn dort steckt <a href=\"https:\/\/christianlessing.de\/en\/produkt\/taco\/\" class=\"more-link\">[more&#8230;]<\/a><\/p>\n","protected":false},"featured_media":2464,"comment_status":"closed","ping_status":"closed","template":"","meta":[],"product_brand":[],"product_cat":[25],"product_tag":[214,236,265,266],"class_list":{"0":"post-2564","1":"product","2":"type-product","3":"status-publish","4":"has-post-thumbnail","6":"product_cat-spiele","7":"product_tag-designspielzeug","8":"product_tag-nachhaltiges-design-spielzeug","9":"product_tag-setzbaukasten","10":"product_tag-steckspiel","12":"first","13":"instock","14":"taxable","15":"shipping-taxable","16":"purchasable","17":"product-type-simple"},"_links":{"self":[{"href":"https:\/\/christianlessing.de\/en\/wp-json\/wp\/v2\/product\/2564","targetHints":{"allow":["GET"]}}],"collection":[{"href":"https:\/\/christianlessing.de\/en\/wp-json\/wp\/v2\/product"}],"about":[{"href":"https:\/\/christianlessing.de\/en\/wp-json\/wp\/v2\/types\/product"}],"replies":[{"embeddable":true,"href":"https:\/\/christianlessing.de\/en\/wp-json\/wp\/v2\/comments?post=2564"}],"wp:featuredmedia":[{"embeddable":true,"href":"https:\/\/christianlessing.de\/en\/wp-json\/wp\/v2\/media\/2464"}],"wp:attachment":[{"href":"https:\/\/christianlessing.de\/en\/wp-json\/wp\/v2\/media?parent=2564"}],"wp:term":[{"taxonomy":"product_brand","embeddable":true,"href":"https:\/\/christianlessing.de\/en\/wp-json\/wp\/v2\/product_brand?post=2564"},{"taxonomy":"product_cat","embeddable":true,"href":"https:\/\/christianlessing.de\/en\/wp-json\/wp\/v2\/product_cat?post=2564"},{"taxonomy":"product_tag","embeddable":true,"href":"https:\/\/christianlessing.de\/en\/wp-json\/wp\/v2\/product_tag?post=2564"}],"curies":[{"name":"wp","href":"https:\/\/api.w.org\/{rel}","templated":true}]}}