{"id":2546,"date":"2022-05-01T14:05:47","date_gmt":"2022-05-01T12:05:47","guid":{"rendered":"https:\/\/christianlessing.de\/?post_type=product&#038;p=2546"},"modified":"2024-01-21T19:30:28","modified_gmt":"2024-01-21T18:30:28","slug":"puzzle-dot","status":"publish","type":"product","link":"https:\/\/christianlessing.de\/en\/produkt\/puzzle-dot\/","title":{"rendered":"Puzzle Dot"},"content":{"rendered":"<p>Ein Punkt ist ein Kreis, ist eine Fl\u00e4che. Klingt einfach, ist es aber nicht. Denn bei diesem grafischen Puzzle m\u00fcssen 27 Rechtecke, Quadrate und Dreiecke kombiniert werden, damit eine geschlossene Kreisfl\u00e4che entsteht. Das farbige Puzzle wird verschickt in einer hochwertigen Kartonage.<\/p>\n<p>Schwierigkeit: schwer<\/p>\n<p>35 Teile<\/p>\n<p>&#8220;DOT&#8221; erscheint in einer limitierten Auflage und ist durchnummeriert.<\/p>\n","protected":false},"excerpt":{"rendered":"<p>Ein Punkt ist ein Kreis, ist eine Fl\u00e4che. Klingt einfach, ist es aber nicht. Denn bei diesem grafischen Puzzle m\u00fcssen 27 Rechtecke, Quadrate und Dreiecke kombiniert werden, damit eine geschlossene Kreisfl\u00e4che entsteht. Das farbige Puzzle wird verschickt in einer hochwertigen Kartonage. Schwierigkeit: schwer 35 Teile &#8220;DOT&#8221; erscheint in einer limitierten Auflage und ist durchnummeriert.<\/p>\n","protected":false},"featured_media":2549,"comment_status":"closed","ping_status":"closed","template":"","meta":[],"product_brand":[],"product_cat":[25],"product_tag":[262,236,260,261],"class_list":{"0":"post-2546","1":"product","2":"type-product","3":"status-publish","4":"has-post-thumbnail","6":"product_cat-spiele","7":"product_tag-legespiel","8":"product_tag-nachhaltiges-design-spielzeug","9":"product_tag-puzzle","10":"product_tag-ungewoehliches-puzzle","12":"first","13":"instock","14":"taxable","15":"shipping-taxable","16":"purchasable","17":"product-type-simple"},"_links":{"self":[{"href":"https:\/\/christianlessing.de\/en\/wp-json\/wp\/v2\/product\/2546","targetHints":{"allow":["GET"]}}],"collection":[{"href":"https:\/\/christianlessing.de\/en\/wp-json\/wp\/v2\/product"}],"about":[{"href":"https:\/\/christianlessing.de\/en\/wp-json\/wp\/v2\/types\/product"}],"replies":[{"embeddable":true,"href":"https:\/\/christianlessing.de\/en\/wp-json\/wp\/v2\/comments?post=2546"}],"wp:featuredmedia":[{"embeddable":true,"href":"https:\/\/christianlessing.de\/en\/wp-json\/wp\/v2\/media\/2549"}],"wp:attachment":[{"href":"https:\/\/christianlessing.de\/en\/wp-json\/wp\/v2\/media?parent=2546"}],"wp:term":[{"taxonomy":"product_brand","embeddable":true,"href":"https:\/\/christianlessing.de\/en\/wp-json\/wp\/v2\/product_brand?post=2546"},{"taxonomy":"product_cat","embeddable":true,"href":"https:\/\/christianlessing.de\/en\/wp-json\/wp\/v2\/product_cat?post=2546"},{"taxonomy":"product_tag","embeddable":true,"href":"https:\/\/christianlessing.de\/en\/wp-json\/wp\/v2\/product_tag?post=2546"}],"curies":[{"name":"wp","href":"https:\/\/api.w.org\/{rel}","templated":true}]}}