{"id":2535,"date":"2022-04-30T19:23:28","date_gmt":"2022-04-30T17:23:28","guid":{"rendered":"https:\/\/christianlessing.de\/?post_type=product&#038;p=2535"},"modified":"2022-05-03T11:04:30","modified_gmt":"2022-05-03T09:04:30","slug":"picboard","status":"publish","type":"product","link":"https:\/\/christianlessing.de\/en\/produkt\/picboard\/","title":{"rendered":"PicBoard"},"content":{"rendered":"<p>Wohin mit den Karten? Den sch\u00f6nen, wichtigen und denen, die wir aufbewahren wollen? Wir zeigen sie uns selbst und anderen auf dem kleinen PicBoard. Die \u00fcbergro\u00dfen Karten stellen wir vor oder auf die Deckleiste, die Karten im DIN-Format schieben wir zwischen Boden und Deckel. Gef\u00fcllt verschwindet das M\u00f6bel hinter all den Einladungen, Urlaubsgr\u00fc\u00dfen und Erinnerungen. Nicht zu vergessen: Autoschl\u00fcssel und Schl\u00fcsselbund finden auch einen festen Platz.<\/p>\n<p>Das PicBoard besteht aus lackiertem Metall und Eichenholz. Die Holzteile sind f\u00fcr das Einschieben der Karten fein genutet. Im unteren Geschoss finden die DIN-Formate ihren Platz, alle anderen Gr\u00f6\u00dfen stehen davor oder dar\u00fcber.<\/p>\n","protected":false},"excerpt":{"rendered":"<p>Wohin mit den Karten? Den sch\u00f6nen, wichtigen und denen, die wir aufbewahren wollen? Wir zeigen sie uns selbst und anderen auf dem kleinen PicBoard. Die \u00fcbergro\u00dfen Karten stellen wir vor oder auf die Deckleiste, die Karten im DIN-Format schieben wir zwischen Boden und Deckel. Gef\u00fcllt verschwindet das M\u00f6bel hinter all den Einladungen, Urlaubsgr\u00fc\u00dfen und Erinnerungen. <a href=\"https:\/\/christianlessing.de\/en\/produkt\/picboard\/\" class=\"more-link\">[more&#8230;]<\/a><\/p>\n","protected":false},"featured_media":2452,"comment_status":"closed","ping_status":"closed","template":"","meta":[],"product_brand":[],"product_cat":[23,26],"product_tag":[259,257,256,258],"class_list":{"0":"post-2535","1":"product","2":"type-product","3":"status-publish","4":"has-post-thumbnail","6":"product_cat-moebel","7":"product_cat-ordnung","8":"product_tag-haengeregal","9":"product_tag-kartenhalter","10":"product_tag-kartenleiste","11":"product_tag-ordnung","13":"first","14":"instock","15":"taxable","16":"shipping-taxable","17":"purchasable","18":"product-type-simple"},"_links":{"self":[{"href":"https:\/\/christianlessing.de\/en\/wp-json\/wp\/v2\/product\/2535","targetHints":{"allow":["GET"]}}],"collection":[{"href":"https:\/\/christianlessing.de\/en\/wp-json\/wp\/v2\/product"}],"about":[{"href":"https:\/\/christianlessing.de\/en\/wp-json\/wp\/v2\/types\/product"}],"replies":[{"embeddable":true,"href":"https:\/\/christianlessing.de\/en\/wp-json\/wp\/v2\/comments?post=2535"}],"wp:featuredmedia":[{"embeddable":true,"href":"https:\/\/christianlessing.de\/en\/wp-json\/wp\/v2\/media\/2452"}],"wp:attachment":[{"href":"https:\/\/christianlessing.de\/en\/wp-json\/wp\/v2\/media?parent=2535"}],"wp:term":[{"taxonomy":"product_brand","embeddable":true,"href":"https:\/\/christianlessing.de\/en\/wp-json\/wp\/v2\/product_brand?post=2535"},{"taxonomy":"product_cat","embeddable":true,"href":"https:\/\/christianlessing.de\/en\/wp-json\/wp\/v2\/product_cat?post=2535"},{"taxonomy":"product_tag","embeddable":true,"href":"https:\/\/christianlessing.de\/en\/wp-json\/wp\/v2\/product_tag?post=2535"}],"curies":[{"name":"wp","href":"https:\/\/api.w.org\/{rel}","templated":true}]}}