{"id":236,"date":"2015-11-08T17:09:57","date_gmt":"2015-11-08T16:09:57","guid":{"rendered":"http:\/\/christianlessing.de\/wp\/produkt\/pendelleuchte-night-on-earth\/"},"modified":"2021-02-20T19:25:18","modified_gmt":"2021-02-20T18:25:18","slug":"pendelleuchte-night-on-earth","status":"publish","type":"product","link":"https:\/\/christianlessing.de\/en\/produkt\/pendelleuchte-night-on-earth\/","title":{"rendered":"Pendelleuchte Night on Earth"},"content":{"rendered":"<p>Ach, Weltraumreisender m\u00fcsste man sein und die Dinge mit der gebotenen Distanz betrachten d\u00fcrfen! Da s\u00e4he manches Problem ganz anders aus \u2026Viele scheuen berechtigterweise solch drastische Exkursionen. Mit der Leuchte Night on Earth kann man jedoch mit weitaus weniger Aufwand dem irdischen Get\u00fcmmel entfliehen: Einfach den Lichtschalter bet\u00e4tigen und schon leuchten die n\u00e4chtlichen Lichter der Kontinente. Und mit der ganzen Welt im Blick l\u00e4sst es sich leicht Abstand zum Alltag finden \u2026<\/p>\n<p>Die Leuchte ist unten mit einer Acrylronde abgeschlossen. Mit einem Imbusschl\u00fcssel kann die Ronde entfernt und das Leuchtmittel ausgetauscht werden.<\/p>\n","protected":false},"excerpt":{"rendered":"<p>Ach, Weltraumreisender m\u00fcsste man sein und die Dinge mit der gebotenen Distanz betrachten d\u00fcrfen! Da s\u00e4he manches Problem ganz anders aus \u2026Viele scheuen berechtigterweise solch drastische Exkursionen. Mit der Leuchte Night on Earth kann man jedoch mit weitaus weniger Aufwand dem irdischen Get\u00fcmmel entfliehen: Einfach den Lichtschalter bet\u00e4tigen und schon leuchten die n\u00e4chtlichen Lichter der <a href=\"https:\/\/christianlessing.de\/en\/produkt\/pendelleuchte-night-on-earth\/\" class=\"more-link\">[more&#8230;]<\/a><\/p>\n","protected":false},"featured_media":514,"comment_status":"closed","ping_status":"closed","template":"","meta":[],"product_brand":[],"product_cat":[24],"product_tag":[],"class_list":{"0":"post-236","1":"product","2":"type-product","3":"status-publish","4":"has-post-thumbnail","6":"product_cat-leuchten","8":"first","9":"instock","10":"taxable","11":"shipping-taxable","12":"purchasable","13":"product-type-simple"},"_links":{"self":[{"href":"https:\/\/christianlessing.de\/en\/wp-json\/wp\/v2\/product\/236","targetHints":{"allow":["GET"]}}],"collection":[{"href":"https:\/\/christianlessing.de\/en\/wp-json\/wp\/v2\/product"}],"about":[{"href":"https:\/\/christianlessing.de\/en\/wp-json\/wp\/v2\/types\/product"}],"replies":[{"embeddable":true,"href":"https:\/\/christianlessing.de\/en\/wp-json\/wp\/v2\/comments?post=236"}],"wp:featuredmedia":[{"embeddable":true,"href":"https:\/\/christianlessing.de\/en\/wp-json\/wp\/v2\/media\/514"}],"wp:attachment":[{"href":"https:\/\/christianlessing.de\/en\/wp-json\/wp\/v2\/media?parent=236"}],"wp:term":[{"taxonomy":"product_brand","embeddable":true,"href":"https:\/\/christianlessing.de\/en\/wp-json\/wp\/v2\/product_brand?post=236"},{"taxonomy":"product_cat","embeddable":true,"href":"https:\/\/christianlessing.de\/en\/wp-json\/wp\/v2\/product_cat?post=236"},{"taxonomy":"product_tag","embeddable":true,"href":"https:\/\/christianlessing.de\/en\/wp-json\/wp\/v2\/product_tag?post=236"}],"curies":[{"name":"wp","href":"https:\/\/api.w.org\/{rel}","templated":true}]}}