{"id":229,"date":"2015-11-08T16:00:04","date_gmt":"2015-11-08T15:00:04","guid":{"rendered":"http:\/\/christianlessing.de\/wp\/produkt\/leuchte-blub\/"},"modified":"2020-03-30T16:01:29","modified_gmt":"2020-03-30T14:01:29","slug":"leuchte-blub","status":"publish","type":"product","link":"https:\/\/christianlessing.de\/en\/produkt\/leuchte-blub\/","title":{"rendered":"Leuchte Blub"},"content":{"rendered":"<p>Nicht nur Comicleser kennen diese Form. Sie spricht, erz\u00e4hlt, beschreibt\u00a0\u2013\u00a0so wie es Ihr Autor will. Hier ger\u00e4t\u00a0sie sogar ins Leuchten \u2013 die Sprechblase!\u00a0Ihre Kommunikationsfreude steht im grellen Kontrast zu ihrem zur\u00fcckhaltenden und eleganten \u00c4u\u00dferen: gebogenes Holz und wei\u00dfes Acrylglas.\u00a0Nat\u00fcrlich kann die Leuchte auch weiterhin Text enthalten &#8211; Ihren!<\/p>\n","protected":false},"excerpt":{"rendered":"<p>Nicht nur Comicleser kennen diese Form. Sie spricht, erz\u00e4hlt, beschreibt\u00a0\u2013\u00a0so wie es Ihr Autor will. Hier ger\u00e4t\u00a0sie sogar ins Leuchten \u2013 die Sprechblase!\u00a0Ihre Kommunikationsfreude steht im grellen Kontrast zu ihrem zur\u00fcckhaltenden und eleganten \u00c4u\u00dferen: gebogenes Holz und wei\u00dfes Acrylglas.\u00a0Nat\u00fcrlich kann die Leuchte auch weiterhin Text enthalten &#8211; Ihren!<\/p>\n","protected":false},"featured_media":513,"comment_status":"closed","ping_status":"closed","template":"","meta":[],"product_brand":[],"product_cat":[24],"product_tag":[],"class_list":{"0":"post-229","1":"product","2":"type-product","3":"status-publish","4":"has-post-thumbnail","6":"product_cat-leuchten","8":"first","9":"instock","10":"taxable","11":"shipping-taxable","12":"purchasable","13":"product-type-variable"},"_links":{"self":[{"href":"https:\/\/christianlessing.de\/en\/wp-json\/wp\/v2\/product\/229","targetHints":{"allow":["GET"]}}],"collection":[{"href":"https:\/\/christianlessing.de\/en\/wp-json\/wp\/v2\/product"}],"about":[{"href":"https:\/\/christianlessing.de\/en\/wp-json\/wp\/v2\/types\/product"}],"replies":[{"embeddable":true,"href":"https:\/\/christianlessing.de\/en\/wp-json\/wp\/v2\/comments?post=229"}],"wp:featuredmedia":[{"embeddable":true,"href":"https:\/\/christianlessing.de\/en\/wp-json\/wp\/v2\/media\/513"}],"wp:attachment":[{"href":"https:\/\/christianlessing.de\/en\/wp-json\/wp\/v2\/media?parent=229"}],"wp:term":[{"taxonomy":"product_brand","embeddable":true,"href":"https:\/\/christianlessing.de\/en\/wp-json\/wp\/v2\/product_brand?post=229"},{"taxonomy":"product_cat","embeddable":true,"href":"https:\/\/christianlessing.de\/en\/wp-json\/wp\/v2\/product_cat?post=229"},{"taxonomy":"product_tag","embeddable":true,"href":"https:\/\/christianlessing.de\/en\/wp-json\/wp\/v2\/product_tag?post=229"}],"curies":[{"name":"wp","href":"https:\/\/api.w.org\/{rel}","templated":true}]}}