{"id":217,"date":"2015-11-08T15:20:26","date_gmt":"2015-11-08T14:20:26","guid":{"rendered":"http:\/\/christianlessing.de\/wp\/produkt\/schublade\/"},"modified":"2022-05-29T16:15:28","modified_gmt":"2022-05-29T14:15:28","slug":"schublade","status":"publish","type":"product","link":"https:\/\/christianlessing.de\/en\/produkt\/schublade\/","title":{"rendered":"Schublade"},"content":{"rendered":"<p>Formsch\u00f6nes Flurm\u00f6bel f\u00fcr n\u00fctzlichen Kleinkram? Oder dezente Ablage neben dem Bett? Wie auch immer \u2013 die SchubLade ist ein H\u00e4ngeschr\u00e4nkchen f\u00fcr den t\u00e4glichen Bedarf! Quadratisch, praktisch, gut!\u00a0Der stabile Holzkasten aus Eiche wird fest an die Wand montiert, die Stahlblechklammer dar\u00fcber ist beweglich und wird zum \u00d6ffnen nach vorne geschoben. Im Boden der Lade ist eine \u00d6ffnung f\u00fcr Stromkabel. So k\u00f6nnen Aufladeger\u00e4te im Inneren verschwinden, w\u00e4hrend eine weitere Aussparung in der Abdeckung daf\u00fcr sorgt, dass das Handy auch w\u00e4hrend des Ladens immer griffbereit obenauf liegt. Eine Tischleuchte steht der Schublade ebenfalls gut!<\/p>\n","protected":false},"excerpt":{"rendered":"<p>Formsch\u00f6nes Flurm\u00f6bel f\u00fcr n\u00fctzlichen Kleinkram? Oder dezente Ablage neben dem Bett? Wie auch immer \u2013 die SchubLade ist ein H\u00e4ngeschr\u00e4nkchen f\u00fcr den t\u00e4glichen Bedarf! Quadratisch, praktisch, gut!\u00a0Der stabile Holzkasten aus Eiche wird fest an die Wand montiert, die Stahlblechklammer dar\u00fcber ist beweglich und wird zum \u00d6ffnen nach vorne geschoben. Im Boden der Lade ist eine <a href=\"https:\/\/christianlessing.de\/en\/produkt\/schublade\/\" class=\"more-link\">[more&#8230;]<\/a><\/p>\n","protected":false},"featured_media":2511,"comment_status":"closed","ping_status":"closed","template":"","meta":[],"product_brand":[],"product_cat":[23],"product_tag":[253,247,246,275],"class_list":{"0":"post-217","1":"product","2":"type-product","3":"status-publish","4":"has-post-thumbnail","6":"product_cat-moebel","7":"product_tag-flurmoebel","8":"product_tag-kabelbox","9":"product_tag-routerbox","10":"product_tag-schlafzimmermoebel","12":"first","13":"instock","14":"taxable","15":"shipping-taxable","16":"purchasable","17":"product-type-variable"},"_links":{"self":[{"href":"https:\/\/christianlessing.de\/en\/wp-json\/wp\/v2\/product\/217","targetHints":{"allow":["GET"]}}],"collection":[{"href":"https:\/\/christianlessing.de\/en\/wp-json\/wp\/v2\/product"}],"about":[{"href":"https:\/\/christianlessing.de\/en\/wp-json\/wp\/v2\/types\/product"}],"replies":[{"embeddable":true,"href":"https:\/\/christianlessing.de\/en\/wp-json\/wp\/v2\/comments?post=217"}],"wp:featuredmedia":[{"embeddable":true,"href":"https:\/\/christianlessing.de\/en\/wp-json\/wp\/v2\/media\/2511"}],"wp:attachment":[{"href":"https:\/\/christianlessing.de\/en\/wp-json\/wp\/v2\/media?parent=217"}],"wp:term":[{"taxonomy":"product_brand","embeddable":true,"href":"https:\/\/christianlessing.de\/en\/wp-json\/wp\/v2\/product_brand?post=217"},{"taxonomy":"product_cat","embeddable":true,"href":"https:\/\/christianlessing.de\/en\/wp-json\/wp\/v2\/product_cat?post=217"},{"taxonomy":"product_tag","embeddable":true,"href":"https:\/\/christianlessing.de\/en\/wp-json\/wp\/v2\/product_tag?post=217"}],"curies":[{"name":"wp","href":"https:\/\/api.w.org\/{rel}","templated":true}]}}