{"id":2056,"date":"2019-05-03T21:50:58","date_gmt":"2019-05-03T19:50:58","guid":{"rendered":"https:\/\/christianlessing.de\/?post_type=product&#038;p=2056"},"modified":"2025-11-21T18:24:22","modified_gmt":"2025-11-21T17:24:22","slug":"follies-plus","status":"publish","type":"product","link":"https:\/\/christianlessing.de\/en\/produkt\/follies-plus\/","title":{"rendered":"FOLLIES plus"},"content":{"rendered":"<p>Follies ist ein spannendes Geschicklichkeitsspiel f\u00fcr Jung und Alt, f\u00fcr einen oder mehrere Spieler. F\u00fcnfzehn unterschiedlich gro\u00dfe Steine gilt es \u00fcbereinander zu stapeln. Das Ziel: Die Grenzen der Balance ausreizen. Und: Den Turm nicht zum Einsturz bringen! Zu Zweit versucht man abwechselnd seine Steine so zu setzen, dass es f\u00fcr den Gegner m\u00f6glichst schwer wird, einen weiteren Stein zu platzieren. Denn\u00a0es gewinnt derjenige, der als Letzter einen Stein legt, ohne den Turm zum Einsturz zu bringen. Die Steine sind kombinierbar mit Follies in keilform.<br \/>\nFollies wurde 2015 mit dem <strong>spiel gut-Siegel <\/strong>ausgezeichnet.<\/p>\n","protected":false},"excerpt":{"rendered":"<p>Follies ist ein spannendes Geschicklichkeitsspiel f\u00fcr Jung und Alt, f\u00fcr einen oder mehrere Spieler. F\u00fcnfzehn unterschiedlich gro\u00dfe Steine gilt es \u00fcbereinander zu stapeln. Das Ziel: Die Grenzen der Balance ausreizen. Und: Den Turm nicht zum Einsturz bringen! Zu Zweit versucht man abwechselnd seine Steine so zu setzen, dass es f\u00fcr den Gegner m\u00f6glichst schwer wird, <a href=\"https:\/\/christianlessing.de\/en\/produkt\/follies-plus\/\" class=\"more-link\">[more&#8230;]<\/a><\/p>\n","protected":false},"featured_media":2059,"comment_status":"closed","ping_status":"closed","template":"","meta":[],"product_brand":[],"product_cat":[25],"product_tag":[],"class_list":{"0":"post-2056","1":"product","2":"type-product","3":"status-publish","4":"has-post-thumbnail","6":"product_cat-spiele","8":"first","9":"instock","10":"taxable","11":"shipping-taxable","12":"purchasable","13":"product-type-simple"},"_links":{"self":[{"href":"https:\/\/christianlessing.de\/en\/wp-json\/wp\/v2\/product\/2056","targetHints":{"allow":["GET"]}}],"collection":[{"href":"https:\/\/christianlessing.de\/en\/wp-json\/wp\/v2\/product"}],"about":[{"href":"https:\/\/christianlessing.de\/en\/wp-json\/wp\/v2\/types\/product"}],"replies":[{"embeddable":true,"href":"https:\/\/christianlessing.de\/en\/wp-json\/wp\/v2\/comments?post=2056"}],"wp:featuredmedia":[{"embeddable":true,"href":"https:\/\/christianlessing.de\/en\/wp-json\/wp\/v2\/media\/2059"}],"wp:attachment":[{"href":"https:\/\/christianlessing.de\/en\/wp-json\/wp\/v2\/media?parent=2056"}],"wp:term":[{"taxonomy":"product_brand","embeddable":true,"href":"https:\/\/christianlessing.de\/en\/wp-json\/wp\/v2\/product_brand?post=2056"},{"taxonomy":"product_cat","embeddable":true,"href":"https:\/\/christianlessing.de\/en\/wp-json\/wp\/v2\/product_cat?post=2056"},{"taxonomy":"product_tag","embeddable":true,"href":"https:\/\/christianlessing.de\/en\/wp-json\/wp\/v2\/product_tag?post=2056"}],"curies":[{"name":"wp","href":"https:\/\/api.w.org\/{rel}","templated":true}]}}