{"id":2046,"date":"2019-05-03T20:54:48","date_gmt":"2019-05-03T18:54:48","guid":{"rendered":"https:\/\/christianlessing.de\/?post_type=product&#038;p=2046"},"modified":"2025-11-23T13:44:33","modified_gmt":"2025-11-23T12:44:33","slug":"follies-box","status":"publish","type":"product","link":"https:\/\/christianlessing.de\/en\/produkt\/follies-box\/","title":{"rendered":"FOLLIES Box"},"content":{"rendered":"<p>Staple, was Du willst! Werde Dein eigener Architekt und bau Dir die Welt, die Dir gef\u00e4llt!<br \/>\nDie unterschiedlich geformten Holzsteine der Follies Box bieten Dir viele M\u00f6glichkeiten.<br \/>\nDu kannst sie so \u00fcbereinander stapeln, dass T\u00fcrme, B\u00f6gen und andere einzigartige Konstrukte entstehen. Der besondere Kniff: Die einzigartige Riffelung der Oberfl\u00e4che verhindert das leichte Verrutschen der Steine, so dass Du waghalsiger bauen kannst!<\/p>\n<p>Inhalt: Unbehandeltes Buchenholz, bis zu 77 Steine \u2013 Keile, Blocks, Trapeze und Segmentb\u00f6gen.<\/p>\n<p>Alle 77 Steine sind verpackt in einem massiven Holzkasten.<\/p>\n","protected":false},"excerpt":{"rendered":"<p>Staple, was Du willst! Werde Dein eigener Architekt und bau Dir die Welt, die Dir gef\u00e4llt! Die unterschiedlich geformten Holzsteine der Follies Box bieten Dir viele M\u00f6glichkeiten. Du kannst sie so \u00fcbereinander stapeln, dass T\u00fcrme, B\u00f6gen und andere einzigartige Konstrukte entstehen. Der besondere Kniff: Die einzigartige Riffelung der Oberfl\u00e4che verhindert das leichte Verrutschen der Steine, <a href=\"https:\/\/christianlessing.de\/en\/produkt\/follies-box\/\" class=\"more-link\">[more&#8230;]<\/a><\/p>\n","protected":false},"featured_media":2484,"comment_status":"closed","ping_status":"closed","template":"","meta":[],"product_brand":[],"product_cat":[25],"product_tag":[],"class_list":{"0":"post-2046","1":"product","2":"type-product","3":"status-publish","4":"has-post-thumbnail","6":"product_cat-spiele","8":"first","9":"instock","10":"taxable","11":"shipping-taxable","12":"purchasable","13":"product-type-simple"},"_links":{"self":[{"href":"https:\/\/christianlessing.de\/en\/wp-json\/wp\/v2\/product\/2046","targetHints":{"allow":["GET"]}}],"collection":[{"href":"https:\/\/christianlessing.de\/en\/wp-json\/wp\/v2\/product"}],"about":[{"href":"https:\/\/christianlessing.de\/en\/wp-json\/wp\/v2\/types\/product"}],"replies":[{"embeddable":true,"href":"https:\/\/christianlessing.de\/en\/wp-json\/wp\/v2\/comments?post=2046"}],"wp:featuredmedia":[{"embeddable":true,"href":"https:\/\/christianlessing.de\/en\/wp-json\/wp\/v2\/media\/2484"}],"wp:attachment":[{"href":"https:\/\/christianlessing.de\/en\/wp-json\/wp\/v2\/media?parent=2046"}],"wp:term":[{"taxonomy":"product_brand","embeddable":true,"href":"https:\/\/christianlessing.de\/en\/wp-json\/wp\/v2\/product_brand?post=2046"},{"taxonomy":"product_cat","embeddable":true,"href":"https:\/\/christianlessing.de\/en\/wp-json\/wp\/v2\/product_cat?post=2046"},{"taxonomy":"product_tag","embeddable":true,"href":"https:\/\/christianlessing.de\/en\/wp-json\/wp\/v2\/product_tag?post=2046"}],"curies":[{"name":"wp","href":"https:\/\/api.w.org\/{rel}","templated":true}]}}