{"id":2040,"date":"2019-05-03T20:36:34","date_gmt":"2019-05-03T18:36:34","guid":{"rendered":"https:\/\/christianlessing.de\/?post_type=product&#038;p=2040"},"modified":"2024-01-21T19:28:59","modified_gmt":"2024-01-21T18:28:59","slug":"mauerpuzzel","status":"publish","type":"product","link":"https:\/\/christianlessing.de\/en\/produkt\/mauerpuzzel\/","title":{"rendered":"Mauerpuzzel"},"content":{"rendered":"<p>Der Bau einer Mauer aus unterschiedlich geformten und verschieden gro\u00dfen Steinen ist ein wirkliche Herausforderung. Ganz besonders, wenn die Steine in einen vorgegebenen Rahmen passen m\u00fcssen. Beim Mauerpuzzel gilt nur eine Regel: Alle Steine, die im Rahmen waren, m\u00fcssen auch wieder hinein. Bedenke, dass Du<br \/>\nniemals wieder die gleiche Zusammenstellung erreichen wirst.<br \/>\nDie Mauer wird bei jedem Spiel anders ausehen, denn Jeder Stein hat bis zu 12 M\u00f6glichkeiten in den Kasten gelegt zu werden.<\/p>\n<p>Nimm also alle Steine aus dem Kasten, stelle oder lege den Rahmen in Position und fange an zu bauen. Versuche die L\u00fccken so klein wie m\u00f6glich zu halten. Schule Dein Auge und finde den richtigen Stein f\u00fcr die richtige L\u00fccke.Die<\/p>\n<p>Holzbausteine sind handgeschnitten und ge\u00f6lt. F\u00fcr Kinder unter 3 Jahre ist diese Spiel nicht geeignet.<\/p>\n<p>Der Rahmen besteht aus gezinktem Massivholz. Boden und Deckel sind zu \u00f6ffnen, so da\u00df am Ende die errichtete Mauer als Bild im Rahmen steht.<\/p>\n","protected":false},"excerpt":{"rendered":"<p>Der Bau einer Mauer aus unterschiedlich geformten und verschieden gro\u00dfen Steinen ist ein wirkliche Herausforderung. Ganz besonders, wenn die Steine in einen vorgegebenen Rahmen passen m\u00fcssen. Beim Mauerpuzzel gilt nur eine Regel: Alle Steine, die im Rahmen waren, m\u00fcssen auch wieder hinein. Bedenke, dass Du niemals wieder die gleiche Zusammenstellung erreichen wirst. Die Mauer wird <a href=\"https:\/\/christianlessing.de\/en\/produkt\/mauerpuzzel\/\" class=\"more-link\">[more&#8230;]<\/a><\/p>\n","protected":false},"featured_media":2448,"comment_status":"closed","ping_status":"closed","template":"","meta":[],"product_brand":[],"product_cat":[25],"product_tag":[214,237,215,235,233,236,234,216],"class_list":{"0":"post-2040","1":"product","2":"type-product","3":"status-publish","4":"has-post-thumbnail","6":"product_cat-spiele","7":"product_tag-designspielzeug","8":"product_tag-handgefertigt","9":"product_tag-holz","10":"product_tag-holzspielzeug","11":"product_tag-mauerpuzzle","12":"product_tag-nachhaltiges-design-spielzeug","13":"product_tag-puzzle-aus-holz","14":"product_tag-rund","16":"first","17":"instock","18":"taxable","19":"shipping-taxable","20":"purchasable","21":"product-type-simple"},"_links":{"self":[{"href":"https:\/\/christianlessing.de\/en\/wp-json\/wp\/v2\/product\/2040","targetHints":{"allow":["GET"]}}],"collection":[{"href":"https:\/\/christianlessing.de\/en\/wp-json\/wp\/v2\/product"}],"about":[{"href":"https:\/\/christianlessing.de\/en\/wp-json\/wp\/v2\/types\/product"}],"replies":[{"embeddable":true,"href":"https:\/\/christianlessing.de\/en\/wp-json\/wp\/v2\/comments?post=2040"}],"wp:featuredmedia":[{"embeddable":true,"href":"https:\/\/christianlessing.de\/en\/wp-json\/wp\/v2\/media\/2448"}],"wp:attachment":[{"href":"https:\/\/christianlessing.de\/en\/wp-json\/wp\/v2\/media?parent=2040"}],"wp:term":[{"taxonomy":"product_brand","embeddable":true,"href":"https:\/\/christianlessing.de\/en\/wp-json\/wp\/v2\/product_brand?post=2040"},{"taxonomy":"product_cat","embeddable":true,"href":"https:\/\/christianlessing.de\/en\/wp-json\/wp\/v2\/product_cat?post=2040"},{"taxonomy":"product_tag","embeddable":true,"href":"https:\/\/christianlessing.de\/en\/wp-json\/wp\/v2\/product_tag?post=2040"}],"curies":[{"name":"wp","href":"https:\/\/api.w.org\/{rel}","templated":true}]}}