{"id":199,"date":"2015-11-08T13:51:47","date_gmt":"2015-11-08T12:51:47","guid":{"rendered":"http:\/\/christianlessing.de\/wp\/produkt\/schubbord\/"},"modified":"2025-04-15T11:40:42","modified_gmt":"2025-04-15T09:40:42","slug":"schubbord","status":"publish","type":"product","link":"https:\/\/christianlessing.de\/en\/produkt\/schubbord\/","title":{"rendered":"Schubboard"},"content":{"rendered":"<p>Neben das Bett oder doch in den Flur? Das Schubboard ist\u00a0ein kleines H\u00e4ngeschr\u00e4nkchen f\u00fcr den t\u00e4glichen Bedarf. Die\u00a0Holzlade ist verk\u00fcrzt und besitzt zudem auf der R\u00fcckseite eine Aussparung.\u00a0So kann\u00a0das Board direkt \u00fcber eine\u00a0Steckdose gesetzt und Elektroger\u00e4te wie Handys, MP3-Player unsichtbar und dezent in der Schublade aufgeladen\u00a0werden.<\/p>\n","protected":false},"excerpt":{"rendered":"<p>Neben das Bett oder doch in den Flur? Das Schubboard ist\u00a0ein kleines H\u00e4ngeschr\u00e4nkchen f\u00fcr den t\u00e4glichen Bedarf. Die\u00a0Holzlade ist verk\u00fcrzt und besitzt zudem auf der R\u00fcckseite eine Aussparung.\u00a0So kann\u00a0das Board direkt \u00fcber eine\u00a0Steckdose gesetzt und Elektroger\u00e4te wie Handys, MP3-Player unsichtbar und dezent in der Schublade aufgeladen\u00a0werden.<\/p>\n","protected":false},"featured_media":2524,"comment_status":"closed","ping_status":"closed","template":"","meta":[],"product_brand":[],"product_cat":[23],"product_tag":[],"class_list":{"0":"post-199","1":"product","2":"type-product","3":"status-publish","4":"has-post-thumbnail","6":"product_cat-moebel","8":"first","9":"instock","10":"taxable","11":"shipping-taxable","12":"purchasable","13":"product-type-variable"},"_links":{"self":[{"href":"https:\/\/christianlessing.de\/en\/wp-json\/wp\/v2\/product\/199","targetHints":{"allow":["GET"]}}],"collection":[{"href":"https:\/\/christianlessing.de\/en\/wp-json\/wp\/v2\/product"}],"about":[{"href":"https:\/\/christianlessing.de\/en\/wp-json\/wp\/v2\/types\/product"}],"replies":[{"embeddable":true,"href":"https:\/\/christianlessing.de\/en\/wp-json\/wp\/v2\/comments?post=199"}],"wp:featuredmedia":[{"embeddable":true,"href":"https:\/\/christianlessing.de\/en\/wp-json\/wp\/v2\/media\/2524"}],"wp:attachment":[{"href":"https:\/\/christianlessing.de\/en\/wp-json\/wp\/v2\/media?parent=199"}],"wp:term":[{"taxonomy":"product_brand","embeddable":true,"href":"https:\/\/christianlessing.de\/en\/wp-json\/wp\/v2\/product_brand?post=199"},{"taxonomy":"product_cat","embeddable":true,"href":"https:\/\/christianlessing.de\/en\/wp-json\/wp\/v2\/product_cat?post=199"},{"taxonomy":"product_tag","embeddable":true,"href":"https:\/\/christianlessing.de\/en\/wp-json\/wp\/v2\/product_tag?post=199"}],"curies":[{"name":"wp","href":"https:\/\/api.w.org\/{rel}","templated":true}]}}