{"id":193,"date":"2015-11-07T19:44:08","date_gmt":"2015-11-07T18:44:08","guid":{"rendered":"http:\/\/christianlessing.de\/wp\/produkt\/garderobe-dran%e2%80%89-haken\/"},"modified":"2019-09-22T20:33:28","modified_gmt":"2019-09-22T18:33:28","slug":"garderobe-dran%e2%80%89-haken","status":"publish","type":"product","link":"https:\/\/christianlessing.de\/en\/produkt\/garderobe-dran%e2%80%89-haken\/","title":{"rendered":"Garderobe dran! \u2013 Haken"},"content":{"rendered":"<p>Bei der\u00a0Garderobe &#8220;dran!&#8221; sind die Haken nicht mit der Tr\u00e4gerleiste verschraubt, sondern werden passgenau \u00fcber sie geschoben. So sind Anzahl und Position der Haken jederzeit ver\u00e4nderbar.<\/p>\n<p><strong>Achtung: Nur Haken (ohne Tr\u00e4gerleiste). Tr\u00e4gerleiste bitte separat bestellen!<\/strong><\/p>\n","protected":false},"excerpt":{"rendered":"<p>Bei der\u00a0Garderobe &#8220;dran!&#8221; sind die Haken nicht mit der Tr\u00e4gerleiste verschraubt, sondern werden passgenau \u00fcber sie geschoben. So sind Anzahl und Position der Haken jederzeit ver\u00e4nderbar. Achtung: Nur Haken (ohne Tr\u00e4gerleiste). Tr\u00e4gerleiste bitte separat bestellen!<\/p>\n","protected":false},"featured_media":357,"comment_status":"closed","ping_status":"closed","template":"","meta":[],"product_brand":[],"product_cat":[26],"product_tag":[],"class_list":{"0":"post-193","1":"product","2":"type-product","3":"status-publish","4":"has-post-thumbnail","6":"product_cat-ordnung","8":"first","9":"instock","10":"taxable","11":"shipping-taxable","12":"purchasable","13":"product-type-simple"},"_links":{"self":[{"href":"https:\/\/christianlessing.de\/en\/wp-json\/wp\/v2\/product\/193","targetHints":{"allow":["GET"]}}],"collection":[{"href":"https:\/\/christianlessing.de\/en\/wp-json\/wp\/v2\/product"}],"about":[{"href":"https:\/\/christianlessing.de\/en\/wp-json\/wp\/v2\/types\/product"}],"replies":[{"embeddable":true,"href":"https:\/\/christianlessing.de\/en\/wp-json\/wp\/v2\/comments?post=193"}],"wp:featuredmedia":[{"embeddable":true,"href":"https:\/\/christianlessing.de\/en\/wp-json\/wp\/v2\/media\/357"}],"wp:attachment":[{"href":"https:\/\/christianlessing.de\/en\/wp-json\/wp\/v2\/media?parent=193"}],"wp:term":[{"taxonomy":"product_brand","embeddable":true,"href":"https:\/\/christianlessing.de\/en\/wp-json\/wp\/v2\/product_brand?post=193"},{"taxonomy":"product_cat","embeddable":true,"href":"https:\/\/christianlessing.de\/en\/wp-json\/wp\/v2\/product_cat?post=193"},{"taxonomy":"product_tag","embeddable":true,"href":"https:\/\/christianlessing.de\/en\/wp-json\/wp\/v2\/product_tag?post=193"}],"curies":[{"name":"wp","href":"https:\/\/api.w.org\/{rel}","templated":true}]}}