{"id":184,"date":"2015-11-07T19:17:45","date_gmt":"2015-11-07T18:17:45","guid":{"rendered":"http:\/\/christianlessing.de\/wp\/produkt\/garderobe-dran%e2%80%89\/"},"modified":"2018-05-10T22:10:58","modified_gmt":"2018-05-10T20:10:58","slug":"garderobe-dran%e2%80%89","status":"publish","type":"product","link":"https:\/\/christianlessing.de\/en\/produkt\/garderobe-dran%e2%80%89\/","title":{"rendered":"Garderobe dran! \u2013 Tr\u00e4gerleiste"},"content":{"rendered":"<p>Bei der\u00a0Garderobe &#8220;dran!&#8221; sind die Haken nicht mit der Tr\u00e4gerleiste verschraubt, sondern werden passgenau \u00fcber sie geschoben. So sind Anzahl und Position der Haken jederzeit ver\u00e4nderbar.<\/p>\n<p><strong>Achtung: Nur\u00a0Tr\u00e4gerleiste (ohne Haken). Haken\u00a0bitte separat bestellen!<\/strong><\/p>\n","protected":false},"excerpt":{"rendered":"<p>Bei der\u00a0Garderobe &#8220;dran!&#8221; sind die Haken nicht mit der Tr\u00e4gerleiste verschraubt, sondern werden passgenau \u00fcber sie geschoben. So sind Anzahl und Position der Haken jederzeit ver\u00e4nderbar. Achtung: Nur\u00a0Tr\u00e4gerleiste (ohne Haken). Haken\u00a0bitte separat bestellen!<\/p>\n","protected":false},"featured_media":359,"comment_status":"closed","ping_status":"closed","template":"","meta":[],"product_brand":[],"product_cat":[26],"product_tag":[],"class_list":{"0":"post-184","1":"product","2":"type-product","3":"status-publish","4":"has-post-thumbnail","6":"product_cat-ordnung","8":"first","9":"instock","10":"taxable","11":"shipping-taxable","12":"purchasable","13":"product-type-variable"},"_links":{"self":[{"href":"https:\/\/christianlessing.de\/en\/wp-json\/wp\/v2\/product\/184","targetHints":{"allow":["GET"]}}],"collection":[{"href":"https:\/\/christianlessing.de\/en\/wp-json\/wp\/v2\/product"}],"about":[{"href":"https:\/\/christianlessing.de\/en\/wp-json\/wp\/v2\/types\/product"}],"replies":[{"embeddable":true,"href":"https:\/\/christianlessing.de\/en\/wp-json\/wp\/v2\/comments?post=184"}],"wp:featuredmedia":[{"embeddable":true,"href":"https:\/\/christianlessing.de\/en\/wp-json\/wp\/v2\/media\/359"}],"wp:attachment":[{"href":"https:\/\/christianlessing.de\/en\/wp-json\/wp\/v2\/media?parent=184"}],"wp:term":[{"taxonomy":"product_brand","embeddable":true,"href":"https:\/\/christianlessing.de\/en\/wp-json\/wp\/v2\/product_brand?post=184"},{"taxonomy":"product_cat","embeddable":true,"href":"https:\/\/christianlessing.de\/en\/wp-json\/wp\/v2\/product_cat?post=184"},{"taxonomy":"product_tag","embeddable":true,"href":"https:\/\/christianlessing.de\/en\/wp-json\/wp\/v2\/product_tag?post=184"}],"curies":[{"name":"wp","href":"https:\/\/api.w.org\/{rel}","templated":true}]}}