{"id":156,"date":"2015-11-07T14:36:32","date_gmt":"2015-11-07T13:36:32","guid":{"rendered":"http:\/\/christianlessing.de\/wp\/produkt\/spardose-hedgefonds\/"},"modified":"2025-03-27T11:33:19","modified_gmt":"2025-03-27T10:33:19","slug":"spardose-hedgefonds","status":"publish","type":"product","link":"https:\/\/christianlessing.de\/en\/produkt\/spardose-hedgefonds\/","title":{"rendered":"Spardose Hedgefonds"},"content":{"rendered":"<p>Die Spardose \u201eHedgefonds\u201c nimmt dem Sparen seinen Ernst und bringt Spa\u00df und Sparen ganz selbstverst\u00e4ndlich zusammen. Denn hier wird nicht das gro\u00dfe Geld hinaus-, sondern das Kleingeld hineingeworfen. Und zwar mit dem n\u00f6tigen Schwung, damit die M\u00fcnzen im trichterf\u00f6rmigen Aufsatz des Hedgefonds m\u00f6glichst viele elegante Runden drehen.<\/p>\n","protected":false},"excerpt":{"rendered":"<p>Die Spardose \u201eHedgefonds\u201c nimmt dem Sparen seinen Ernst und bringt Spa\u00df und Sparen ganz selbstverst\u00e4ndlich zusammen. Denn hier wird nicht das gro\u00dfe Geld hinaus-, sondern das Kleingeld hineingeworfen. Und zwar mit dem n\u00f6tigen Schwung, damit die M\u00fcnzen im trichterf\u00f6rmigen Aufsatz des Hedgefonds m\u00f6glichst viele elegante Runden drehen.<\/p>\n","protected":false},"featured_media":3139,"comment_status":"closed","ping_status":"closed","template":"","meta":[],"product_brand":[],"product_cat":[25],"product_tag":[],"class_list":{"0":"post-156","1":"product","2":"type-product","3":"status-publish","4":"has-post-thumbnail","6":"product_cat-spiele","8":"first","9":"instock","10":"taxable","11":"shipping-taxable","12":"purchasable","13":"product-type-variable"},"_links":{"self":[{"href":"https:\/\/christianlessing.de\/en\/wp-json\/wp\/v2\/product\/156","targetHints":{"allow":["GET"]}}],"collection":[{"href":"https:\/\/christianlessing.de\/en\/wp-json\/wp\/v2\/product"}],"about":[{"href":"https:\/\/christianlessing.de\/en\/wp-json\/wp\/v2\/types\/product"}],"replies":[{"embeddable":true,"href":"https:\/\/christianlessing.de\/en\/wp-json\/wp\/v2\/comments?post=156"}],"wp:featuredmedia":[{"embeddable":true,"href":"https:\/\/christianlessing.de\/en\/wp-json\/wp\/v2\/media\/3139"}],"wp:attachment":[{"href":"https:\/\/christianlessing.de\/en\/wp-json\/wp\/v2\/media?parent=156"}],"wp:term":[{"taxonomy":"product_brand","embeddable":true,"href":"https:\/\/christianlessing.de\/en\/wp-json\/wp\/v2\/product_brand?post=156"},{"taxonomy":"product_cat","embeddable":true,"href":"https:\/\/christianlessing.de\/en\/wp-json\/wp\/v2\/product_cat?post=156"},{"taxonomy":"product_tag","embeddable":true,"href":"https:\/\/christianlessing.de\/en\/wp-json\/wp\/v2\/product_tag?post=156"}],"curies":[{"name":"wp","href":"https:\/\/api.w.org\/{rel}","templated":true}]}}