{"id":137,"date":"2015-11-04T19:27:13","date_gmt":"2015-11-04T18:27:13","guid":{"rendered":"http:\/\/christianlessing.de\/wp\/produkt\/der-mauersack\/"},"modified":"2024-01-21T19:27:22","modified_gmt":"2024-01-21T18:27:22","slug":"der-mauersack","status":"publish","type":"product","link":"https:\/\/christianlessing.de\/en\/produkt\/der-mauersack\/","title":{"rendered":"Der Mauersack"},"content":{"rendered":"<p>Der Mauersack ist eine Version des Mauerspiels f\u00fcr j\u00fcngere Baumeister ab 2 Jahren. Die Bausteine sind gr\u00f6\u00dfer und werden im praktischen Stoffbeutel geliefert. Die Herausforderungen besteht auch hier darin, ein Mauerwerk ohne verbindenden M\u00f6rtel zu errichten. Die unterschiedlich geformten \u201eSteine\u201c so aufeinander zu stapeln, dass ein stabiles Mauerwerk entsteht, ist eine Aufgabe, f\u00fcr die es keinen vorgeschriebenen L\u00f6sungsweg gibt. Um das Mauern einfacher zu machen besitzen die Steine einen rechten Winkel und einen 30\u00ba Winkel. Die unterschiedlichen Breiten der Steine ergeben ein Raster. Das Spiel f\u00f6rdert so neben Feinmotorik und Konzentration auch die Kreativit\u00e4t der Kinder. Es kann allein oder zu zweit gespielt werden.<\/p>\n","protected":false},"excerpt":{"rendered":"<p>Der Mauersack ist eine Version des Mauerspiels f\u00fcr j\u00fcngere Baumeister ab 2 Jahren. Die Bausteine sind gr\u00f6\u00dfer und werden im praktischen Stoffbeutel geliefert. Die Herausforderungen besteht auch hier darin, ein Mauerwerk ohne verbindenden M\u00f6rtel zu errichten. Die unterschiedlich geformten \u201eSteine\u201c so aufeinander zu stapeln, dass ein stabiles Mauerwerk entsteht, ist eine Aufgabe, f\u00fcr die es <a href=\"https:\/\/christianlessing.de\/en\/produkt\/der-mauersack\/\" class=\"more-link\">[more&#8230;]<\/a><\/p>\n","protected":false},"featured_media":2488,"comment_status":"closed","ping_status":"closed","template":"","meta":[],"product_brand":[],"product_cat":[25],"product_tag":[],"class_list":{"0":"post-137","1":"product","2":"type-product","3":"status-publish","4":"has-post-thumbnail","6":"product_cat-spiele","8":"first","9":"instock","10":"taxable","11":"shipping-taxable","12":"purchasable","13":"product-type-simple"},"_links":{"self":[{"href":"https:\/\/christianlessing.de\/en\/wp-json\/wp\/v2\/product\/137","targetHints":{"allow":["GET"]}}],"collection":[{"href":"https:\/\/christianlessing.de\/en\/wp-json\/wp\/v2\/product"}],"about":[{"href":"https:\/\/christianlessing.de\/en\/wp-json\/wp\/v2\/types\/product"}],"replies":[{"embeddable":true,"href":"https:\/\/christianlessing.de\/en\/wp-json\/wp\/v2\/comments?post=137"}],"wp:featuredmedia":[{"embeddable":true,"href":"https:\/\/christianlessing.de\/en\/wp-json\/wp\/v2\/media\/2488"}],"wp:attachment":[{"href":"https:\/\/christianlessing.de\/en\/wp-json\/wp\/v2\/media?parent=137"}],"wp:term":[{"taxonomy":"product_brand","embeddable":true,"href":"https:\/\/christianlessing.de\/en\/wp-json\/wp\/v2\/product_brand?post=137"},{"taxonomy":"product_cat","embeddable":true,"href":"https:\/\/christianlessing.de\/en\/wp-json\/wp\/v2\/product_cat?post=137"},{"taxonomy":"product_tag","embeddable":true,"href":"https:\/\/christianlessing.de\/en\/wp-json\/wp\/v2\/product_tag?post=137"}],"curies":[{"name":"wp","href":"https:\/\/api.w.org\/{rel}","templated":true}]}}