{"id":131,"date":"2015-11-04T18:49:05","date_gmt":"2015-11-04T17:49:05","guid":{"rendered":"http:\/\/christianlessing.de\/wp\/produkt\/holzmaennchen\/"},"modified":"2024-11-13T08:41:06","modified_gmt":"2024-11-13T07:41:06","slug":"holzmaennchen","status":"publish","type":"product","link":"https:\/\/christianlessing.de\/en\/produkt\/holzmaennchen\/","title":{"rendered":"Holzm\u00e4nnchen"},"content":{"rendered":"<p>Wer schon einmal eine Wanderung im Gebirge gemacht hat, wird Steinm\u00e4nnchen kennen: Mehrfach \u00fcbereinandergestapelte Steine trotzen der Schwerkraft und recken sich in den Himmel. Fr\u00fcher waren sie lebenswichtig und zeigten den sicheren Weg zwischen den Bergen an. Heute sind sie Wegmarkierung und Landart zugleich. Mit diesem Spiel kann man sich selbst ein \u201eM\u00e4nnchen\u201c bauen \u2013 aus Holz! \u2013 und so auf eine besondere Art und Weise die Gesetze der Schwerkraft neu erfahren.<\/p>\n","protected":false},"excerpt":{"rendered":"<p>Wer schon einmal eine Wanderung im Gebirge gemacht hat, wird Steinm\u00e4nnchen kennen: Mehrfach \u00fcbereinandergestapelte Steine trotzen der Schwerkraft und recken sich in den Himmel. Fr\u00fcher waren sie lebenswichtig und zeigten den sicheren Weg zwischen den Bergen an. Heute sind sie Wegmarkierung und Landart zugleich. Mit diesem Spiel kann man sich selbst ein \u201eM\u00e4nnchen\u201c bauen \u2013 <a href=\"https:\/\/christianlessing.de\/en\/produkt\/holzmaennchen\/\" class=\"more-link\">[more&#8230;]<\/a><\/p>\n","protected":false},"featured_media":532,"comment_status":"closed","ping_status":"closed","template":"","meta":[],"product_brand":[],"product_cat":[25],"product_tag":[],"class_list":{"0":"post-131","1":"product","2":"type-product","3":"status-publish","4":"has-post-thumbnail","6":"product_cat-spiele","8":"first","9":"instock","10":"taxable","11":"shipping-taxable","12":"purchasable","13":"product-type-simple"},"_links":{"self":[{"href":"https:\/\/christianlessing.de\/en\/wp-json\/wp\/v2\/product\/131","targetHints":{"allow":["GET"]}}],"collection":[{"href":"https:\/\/christianlessing.de\/en\/wp-json\/wp\/v2\/product"}],"about":[{"href":"https:\/\/christianlessing.de\/en\/wp-json\/wp\/v2\/types\/product"}],"replies":[{"embeddable":true,"href":"https:\/\/christianlessing.de\/en\/wp-json\/wp\/v2\/comments?post=131"}],"wp:featuredmedia":[{"embeddable":true,"href":"https:\/\/christianlessing.de\/en\/wp-json\/wp\/v2\/media\/532"}],"wp:attachment":[{"href":"https:\/\/christianlessing.de\/en\/wp-json\/wp\/v2\/media?parent=131"}],"wp:term":[{"taxonomy":"product_brand","embeddable":true,"href":"https:\/\/christianlessing.de\/en\/wp-json\/wp\/v2\/product_brand?post=131"},{"taxonomy":"product_cat","embeddable":true,"href":"https:\/\/christianlessing.de\/en\/wp-json\/wp\/v2\/product_cat?post=131"},{"taxonomy":"product_tag","embeddable":true,"href":"https:\/\/christianlessing.de\/en\/wp-json\/wp\/v2\/product_tag?post=131"}],"curies":[{"name":"wp","href":"https:\/\/api.w.org\/{rel}","templated":true}]}}