{"id":370,"date":"2015-11-20T15:29:45","date_gmt":"2015-11-20T14:29:45","guid":{"rendered":"http:\/\/christianlessing.de\/wp\/?page_id=370"},"modified":"2025-12-09T17:00:40","modified_gmt":"2025-12-09T16:00:40","slug":"laeden","status":"publish","type":"page","link":"https:\/\/christianlessing.de\/en\/laeden\/","title":{"rendered":"Shops"},"content":{"rendered":"<p><\/p>\n<h1>Shops<\/h1>\n<p><strong><br \/>\nA<\/strong><br \/>\n<a href=\"https:\/\/www.arshabitandi.de\" target=\"_blank\" rel=\"noopener\">ars habitandi<\/a><br \/>\n<a href=\"http:\/\/www.afilii.de\" target=\"_blank\" rel=\"noopener\">afilii<\/a><br \/>\naspect-x, Bad Vilbel<br \/>\nAnsichtssache, L\u00fcbeck<br \/>\nAtelier Bec et Croc, Montlebon, F<strong><br \/>\n<strong>B<\/strong><br \/>\n<\/strong>Bauhaus Archiv<br \/>\n<a href=\"https:\/\/www.biber.com\" target=\"_blank\" rel=\"noopener\">biber<\/a><br \/>\nBuchstabe, Neustadt<strong><br \/>\n<strong>C<\/strong><br \/>\n<\/strong><a href=\"http:\/\/www.cairo.de\">CAIRO<\/a><br \/>\nCamelotta, Mainz<br \/>\n<a href=\"http:\/\/www.chemoline.de\">chemoline<\/a><br \/>\n<a href=\"https:\/\/www.connox.de\" target=\"_blank\" rel=\"noopener\">connox<\/a><strong><br \/>\n<strong>D<\/strong><br \/>\n<\/strong><a href=\"http:\/\/dasmoebel.at\" target=\"_blank\" rel=\"noopener\">das moebel<\/a>, Wien, A<br \/>\ndetail, Honkong<br \/>\nDesign &amp; Handwerk, Bochum<br \/>\ndie ostholsteiner\u00a0Scandy, Eutin<br \/>\n<a href=\"http:\/\/www.discovery.de\">Discovery\u00a0Channel<\/a><br \/>\nDorfhaus, Neunkirchen-Seelscheid<strong><br \/>\n<strong>E<\/strong><br \/>\n<\/strong>Erfinderladen, Berlin<br \/>\nEurydike, Kiel<strong><br \/>\n<strong>F<\/strong><br \/>\n<\/strong><a href=\"http:\/\/fair-kaeuflich.de\" target=\"_blank\" rel=\"noopener\">fair-kaeuflich.de<\/a><br \/>\n<a href=\"http:\/\/www.froelichundkaufmann.de\" target=\"_blank\" rel=\"noopener\">Fr\u00f6lich\u00a0&amp;\u00a0Kaufmann<\/a><strong><br \/>\n<strong>G<\/strong><br \/>\n<\/strong>green, Paris, F<br \/>\nguut, Wien, A<strong><br \/>\n<strong>H<\/strong><br \/>\n<\/strong>HEIMATDESIGN, Dortmund<br \/>\nH\u00f6henflug, Kiel<br \/>\n<a href=\"https:\/\/www.holzereien.de\/\">www.holzereien.de<\/a> L\u00fcbeck<br \/>\nHOLZ-LEUTE, M\u00fcnchen<br \/>\nHoutSpul, Almere, NL<strong><br \/>\n<strong>J<\/strong><br \/>\n<\/strong>Johanniswerk, L\u00fcdenscheid<br \/>\nK<br \/>\nKinderkrams, Dresden<br \/>\nKonus, Hamburg<br \/>\nkultpur, Berlin<strong><br \/>\n<strong>L<\/strong><br \/>\n<\/strong>Lungarno, Florenz, IT<br \/>\nlimited stock, Z\u00fcrich, CH<strong><br \/>\n<strong>M<\/strong><br \/>\n<\/strong>Magazin<br \/>\n<a href=\"https:\/\/my-designshop.com\" target=\"_blank\" rel=\"noopener\">my-designshop\u00a0<\/a><br \/>\n<a href=\"http:\/\/www.my-deco-shop.com\/design\/de\/\" target=\"_blank\" rel=\"noopener\">my-decoshop.com<\/a><br \/>\nMuseum der Stadt Dresden, Dresden<strong><br \/>\n<strong>P<\/strong><br \/>\n<\/strong>Pa-Design, Paris, F<br \/>\nPappnase, Hamburg<br \/>\nPigeonhole, Kensington,\u00a0AU<br \/>\n<a href=\"https:\/\/www.proidee.de\" target=\"_blank\" rel=\"noopener\">Pro Idee<\/a><strong><br \/>\n<strong>S<\/strong><\/strong><br \/>\n<a href=\"http:\/\/selekkt.com\" target=\"_blank\" rel=\"noopener\">selekkt.com<\/a><br \/>\nSpelPlus, Amstelveen,\u00a0NL<br \/>\n<a href=\"http:\/\/www.spuersinn24.de\" target=\"_blank\" rel=\"noopener\">SPUERSINN\u00a024<\/a><br \/>\nSpielerei, Bremen<br \/>\nSpirit, Wien, A<br \/>\nStauraum, D\u00fcsseldorf<strong><br \/>\n<strong>T<\/strong><br \/>\n<\/strong>TragBar, Kiel<strong><br \/>\n<strong>W<\/strong><br \/>\n<\/strong>werkst\u00e4tten berndt, Gro\u00dfsch\u00f6nau<br \/>\nWohngemeinschaft, Essen<br \/>\nWonderWood, Amsterdam, NL<strong><br \/>\n<strong>Z<\/strong><br \/>\n<\/strong>zeitlos, Wetzlar<\/p>","protected":false},"excerpt":{"rendered":"<p>Shops A ars habitandi afilii aspect-x, Bad Vilbel Ansichtssache, L\u00fcbeck Atelier Bec et Croc, Montlebon, F B Bauhaus Archiv biber Buchstabe, Neustadt C CAIRO Camelotta, Mainz chemoline connox D das moebel, Wien, A detail, Honkong Design &amp; Handwerk, Bochum die ostholsteiner\u00a0Scandy, Eutin Discovery\u00a0Channel Dorfhaus, Neunkirchen-Seelscheid E Erfinderladen, Berlin Eurydike, Kiel F fair-kaeuflich.de Fr\u00f6lich\u00a0&amp;\u00a0Kaufmann G green, <a href=\"https:\/\/christianlessing.de\/en\/laeden\/\" class=\"more-link\">[more&#8230;]<\/a><\/p>\n","protected":false},"author":4,"featured_media":0,"parent":0,"menu_order":0,"comment_status":"closed","ping_status":"closed","template":"","meta":{"footnotes":""},"class_list":["post-370","page","type-page","status-publish","hentry"],"_links":{"self":[{"href":"https:\/\/christianlessing.de\/en\/wp-json\/wp\/v2\/pages\/370","targetHints":{"allow":["GET"]}}],"collection":[{"href":"https:\/\/christianlessing.de\/en\/wp-json\/wp\/v2\/pages"}],"about":[{"href":"https:\/\/christianlessing.de\/en\/wp-json\/wp\/v2\/types\/page"}],"author":[{"embeddable":true,"href":"https:\/\/christianlessing.de\/en\/wp-json\/wp\/v2\/users\/4"}],"replies":[{"embeddable":true,"href":"https:\/\/christianlessing.de\/en\/wp-json\/wp\/v2\/comments?post=370"}],"version-history":[{"count":19,"href":"https:\/\/christianlessing.de\/en\/wp-json\/wp\/v2\/pages\/370\/revisions"}],"predecessor-version":[{"id":3615,"href":"https:\/\/christianlessing.de\/en\/wp-json\/wp\/v2\/pages\/370\/revisions\/3615"}],"wp:attachment":[{"href":"https:\/\/christianlessing.de\/en\/wp-json\/wp\/v2\/media?parent=370"}],"curies":[{"name":"wp","href":"https:\/\/api.w.org\/{rel}","templated":true}]}}